{"id":6974,"date":"2023-05-08T14:33:55","date_gmt":"2023-05-08T11:33:55","guid":{"rendered":"https:\/\/www.omerdental.com\/privacidad-y-terminos\/"},"modified":"2024-02-20T13:36:30","modified_gmt":"2024-02-20T10:36:30","slug":"politica-de-privacidad","status":"publish","type":"page","link":"https:\/\/www.omerdental.com\/es\/politica-de-privacidad\/","title":{"rendered":"Privacidad y t\u00e9rminos"},"content":{"rendered":"<section class=\"l-section wpb_row us_custom_922b31b9 has_text_color height_large\"><div class=\"l-section-overlay\" style=\"background:rgba(19,27,92,0.70)\"><\/div><div class=\"l-section-h i-cf\"><div class=\"g-cols vc_row via_grid cols_1 laptops-cols_inherit tablets-cols_inherit mobiles-cols_1 valign_top type_default stacking_default\"><div class=\"wpb_column vc_column_container\"><div class=\"vc_column-inner\">[vc_custom_heading text=\u00bbPol\u00edtica de privacidad\u00bb font_container=\u00bbtag:h1|text_align:left\u00bb use_theme_fonts=\u00bbyes\u00bb el_class=\u00bbregular-h1 make-left\u00bb]<nav class=\"g-breadcrumbs us_custom_5f1f2269 has_text_color separator_icon align_none\" itemscope itemtype=\"http:\/\/schema.org\/BreadcrumbList\"><div class=\"g-breadcrumbs-item\" itemscope itemprop=\"itemListElement\" itemtype=\"http:\/\/schema.org\/ListItem\"><a itemprop=\"item\" href=\"https:\/\/www.omerdental.com\/es\/\"><span itemprop=\"name\">Inicio<\/span><\/a><meta itemprop=\"position\" content=\"1\"\/><\/div><div class=\"g-breadcrumbs-separator\"><i class=\"far fa-angle-right\"><\/i><\/div><div class=\"g-breadcrumbs-item\">P\u00e1ginas<\/div><\/nav><\/div><\/div><\/div><\/div><\/section><section class=\"l-section wpb_row height_medium\"><div class=\"l-section-h i-cf\"><div class=\"g-cols vc_row via_grid cols_1 laptops-cols_inherit tablets-cols_inherit mobiles-cols_1 valign_top type_default stacking_default\"><div class=\"wpb_column vc_column_container\"><div class=\"vc_column-inner\"><div class=\"wpb_text_column\"><div class=\"wpb_wrapper\"><p>Esta Pol\u00edtica de Privacidad describe las pol\u00edticas de YESILBAG SAGLIK HIZMETLERI LIMITED SIRKETI (Omer Istanbul Dental Center), Ak\u015femsettin mah, Adnan Menderes Blv. D:No 6-8, Kat:1-2-3, 34093 Fatih\/Istanbul, 34093, T\u00fcrkiye correo electr\u00f3nico: <a href=\"mailto:info@omerdental.com\">info@omerdental.com<\/a>, tel\u00e9fono: +905528403434 sobre la recopilaci\u00f3n, uso y divulgaci\u00f3n de su informaci\u00f3n que recopilamos cuando utiliza nuestro sitio web ( www.omerdental.com ) (el \u201c<strong>Servicio<\/strong>\u201d). Al acceder o utilizar el Servicio, usted est\u00e1 consintiendo la recopilaci\u00f3n, uso y divulgaci\u00f3n de su informaci\u00f3n de acuerdo con esta Pol\u00edtica de Privacidad. Si no consiente lo mismo, por favor no acceda ni utilice el Servicio.<\/p>\n<p>Podemos modificar esta Pol\u00edtica de Privacidad en cualquier momento sin previo aviso y publicaremos la Pol\u00edtica de Privacidad revisada en el Servicio. La Pol\u00edtica revisada ser\u00e1 efectiva 180 d\u00edas despu\u00e9s de que se publique la Pol\u00edtica revisada en el Servicio y su acceso continuado o uso del Servicio despu\u00e9s de ese tiempo constituir\u00e1 su aceptaci\u00f3n de la Pol\u00edtica de Privacidad revisada. Por lo tanto, recomendamos que revise peri\u00f3dicamente esta p\u00e1gina.<\/p>\n<h3>Informaci\u00f3n que recopilamos:<\/h3>\n<p>Recopilaremos y procesaremos la siguiente informaci\u00f3n personal sobre usted a trav\u00e9s del formulario web:<\/p>\n<ul>\n<li>Nombre<\/li>\n<li>Correo electr\u00f3nico<\/li>\n<li>M\u00f3vil\/Tel\u00e9fono<\/li>\n<\/ul>\n<h3>C\u00f3mo usamos su informaci\u00f3n:<\/h3>\n<p>Utilizaremos la informaci\u00f3n que recopilamos sobre usted para los siguientes fines:<\/p>\n<ul>\n<li>Soporte<\/li>\n<li>Proporcionar informaci\u00f3n<\/li>\n<\/ul>\n<p>Si deseamos utilizar su informaci\u00f3n para cualquier otro prop\u00f3sito, le pediremos su consentimiento y utilizaremos su informaci\u00f3n solo al recibir su consentimiento y luego, solo para el(s) prop\u00f3sito(s) para los que otorg\u00f3 su consentimiento a menos que estemos obligados a hacerlo de otra manera por ley.<\/p>\n<h3>C\u00f3mo compartimos su informaci\u00f3n:<\/h3>\n<p>No transferiremos su informaci\u00f3n personal a ning\u00fan tercero sin solicitar su consentimiento, excepto en circunstancias limitadas como se describe a continuaci\u00f3n:<\/p>\n<ul>\n<li>Servicio de anuncios<\/li>\n<li>An\u00e1lisis<\/li>\n<\/ul>\n<p>Exigimos a dichos terceros que utilicen la informaci\u00f3n personal que les transferimos solo para el prop\u00f3sito para el que fue transferida y que no la retengan por m\u00e1s tiempo del necesario para cumplir con dicho prop\u00f3sito.<\/p>\n<p>Tambi\u00e9n podemos divulgar su informaci\u00f3n personal para lo siguiente: (1) para cumplir con la ley aplicable, regulaci\u00f3n, orden judicial u otro proceso legal; (2) para hacer cumplir sus acuerdos con nosotros, incluida esta Pol\u00edtica de Privacidad; o (3) para responder a reclamaciones de que su uso del Servicio viola los derechos de terceros. Si el Servicio o nuestra empresa se fusiona o es adquirida por otra empresa, su informaci\u00f3n ser\u00e1 uno de los activos que se transfieren al nuevo propietario.<\/p>\n<h3>Retenci\u00f3n de su informaci\u00f3n:<\/h3>\n<p>Retendremos su informaci\u00f3n personal con nosotros durante 90 d\u00edas a 2 a\u00f1os despu\u00e9s de que los usuarios terminen sus cuentas o mientras la necesitemos para cumplir los fines para los que fue recopilada como se detalla en esta Pol\u00edtica de Privacidad. Es posible que necesitemos retener cierta informaci\u00f3n durante per\u00edodos m\u00e1s largos, como el registro \/ informe de acuerdo con la ley aplicable u otros motivos leg\u00edtimos como la aplicaci\u00f3n de derechos legales, la prevenci\u00f3n del fraude, etc. La informaci\u00f3n residual an\u00f3nima y la informaci\u00f3n agregada, que no lo identifica a usted (directa o indirectamente), pueden almacenarse indefinidamente.<\/p>\n<h3>Sus derechos:<\/h3>\n<p>Dependiendo de la ley aplicable, es posible que tenga derecho a acceder y rectificar o borrar sus datos personales o recibir una copia de sus datos personales, restringir u oponerse al procesamiento activo de sus datos, pedirnos que compartamos (portabilidad) su informaci\u00f3n personal a otra entidad, retirar cualquier consentimiento que nos haya proporcionado para procesar sus datos, derecho a presentar una queja ante una autoridad estatutaria y otros derechos que puedan ser relevantes seg\u00fan las leyes aplicables. Para ejercer estos derechos, puede escribirnos a nosotros en i<a href=\"mailto:nfo@omerdental.com\">nfo@omerdental.com<\/a>. Responderemos a su solicitud de acuerdo con la ley aplicable.<\/p>\n<p>Tenga en cuenta que si no nos permite recopilar o procesar la informaci\u00f3n personal requerida o retira el consentimiento para procesar la misma para los fines requeridos, es posible que no pueda acceder o utilizar los servicios para los que se solicit\u00f3 su informaci\u00f3n.<\/p>\n<h3>Cookies, etc.<\/h3>\n<p>Para obtener m\u00e1s informaci\u00f3n sobre c\u00f3mo utilizamos estas y sus opciones en relaci\u00f3n con estas tecnolog\u00edas de seguimiento, consulte nuestra <a style=\"text-decoration: underline;\" href=\"https:\/\/www.omerdental.com\/es\/politica-de-cookies\/\"><strong>Pol\u00edtica de cookies<\/strong><\/a>.<\/p>\n<h3>Seguridad:<\/h3>\n<p>La seguridad de su informaci\u00f3n es importante para nosotros y utilizaremos medidas de seguridad razonables para evitar la p\u00e9rdida, el uso indebido o la alteraci\u00f3n no autorizada de su informaci\u00f3n bajo nuestro control. Sin embargo, dadas las riesgos inherentes, no podemos garantizar una seguridad absoluta y, en consecuencia, no podemos asegurar o garantizar la seguridad de cualquier informaci\u00f3n que nos transmita y lo hace bajo su propio riesgo.<\/p>\n<h3>Oficial de Quejas \/ Protecci\u00f3n de Datos:<\/h3>\n<p>Si tiene alguna pregunta o inquietud sobre el procesamiento de su informaci\u00f3n que est\u00e1 disponible con nosotros, puede enviar un correo electr\u00f3nico a nuestro Oficial de Quejas en Omer Istanbul Dental Center, Ak\u015femsettin mah, Adnan Menderes Blv. D:No 6-8, Kat:1-2-3, 34093 Fatih\/Istanbul,T\u00fcrkiye correo electr\u00f3nico: <a href=\"mailto:info@omerdental.com\">info@omerdental.com<\/a>. Abordaremos sus inquietudes de acuerdo con la ley aplicable.<\/p>\n<\/div><\/div><div class=\"w-separator size_medium\"><\/div><div class=\"wpb_text_column\"><div class=\"wpb_wrapper\"><p>\u00daltima actualizaci\u00f3n el 05-Feb-2024<br \/>\nFecha de vigencia 05-Feb-2024<\/p>\n<\/div><\/div><\/div><\/div><\/div><\/div><\/section><section class=\"l-section wpb_row height_small\"><div class=\"l-section-h i-cf\"><div class=\"g-cols vc_row via_grid cols_1 laptops-cols_inherit tablets-cols_inherit mobiles-cols_1 valign_top type_default stacking_default\"><div class=\"wpb_column vc_column_container\"><div class=\"vc_column-inner\"><div class=\"w-separator size_huge\"><\/div><\/div><\/div><\/div><\/div><\/section>\n","protected":false},"excerpt":{"rendered":"[vc_custom_heading text=\"Pol\u00edtica de privacidad\" font_container=\"tag:h1|text_align:left\" use_theme_fonts=\"yes\" el_class=\"regular-h1 make-left\"]InicioP\u00e1ginasEsta Pol\u00edtica de Privacidad describe las pol\u00edticas de YESILBAG SAGLIK HIZMETLERI LIMITED SIRKETI (Omer Istanbul Dental Center), Ak\u015femsettin mah, Adnan Menderes Blv. D:No 6-8, Kat:1-2-3, 34093 Fatih\/Istanbul, 34093, T\u00fcrkiye correo electr\u00f3nico: info@omerdental.com, tel\u00e9fono: +905528403434 sobre la recopilaci\u00f3n, uso y divulgaci\u00f3n de su informaci\u00f3n que recopilamos cuando utiliza nuestro...","protected":false},"author":1,"featured_media":0,"parent":0,"menu_order":0,"comment_status":"closed","ping_status":"open","template":"","meta":{"footnotes":""},"class_list":["post-6974","page","type-page","status-publish","hentry"],"yoast_head":"<!-- This site is optimized with the Yoast SEO plugin v27.4 - https:\/\/yoast.com\/product\/yoast-seo-wordpress\/ -->\n<title>Privacidad y t\u00e9rminos - Omer Istanbul Dental Center<\/title>\n<meta name=\"robots\" content=\"noindex, follow, max-snippet:-1, max-image-preview:large, max-video-preview:-1\" \/>\n<meta property=\"og:locale\" content=\"es_ES\" \/>\n<meta property=\"og:type\" content=\"article\" \/>\n<meta property=\"og:title\" content=\"Privacidad y t\u00e9rminos - Omer Istanbul Dental Center\" \/>\n<meta property=\"og:url\" content=\"https:\/\/www.omerdental.com\/es\/politica-de-privacidad\/\" \/>\n<meta property=\"og:site_name\" content=\"Omer Istanbul Dental Center\" \/>\n<meta property=\"article:publisher\" content=\"https:\/\/www.facebook.com\/omeristanbultr\/\" \/>\n<meta property=\"article:modified_time\" content=\"2024-02-20T10:36:30+00:00\" \/>\n<meta name=\"twitter:card\" content=\"summary_large_image\" \/>\n<meta name=\"twitter:site\" content=\"@OmerIstanbultr\" \/>\n<meta name=\"twitter:label1\" content=\"Tiempo de lectura\" \/>\n\t<meta name=\"twitter:data1\" content=\"5 minutos\" \/>\n<script type=\"application\/ld+json\" class=\"yoast-schema-graph\">{\"@context\":\"https:\\\/\\\/schema.org\",\"@graph\":[{\"@type\":\"WebPage\",\"@id\":\"https:\\\/\\\/www.omerdental.com\\\/es\\\/politica-de-privacidad\\\/\",\"url\":\"https:\\\/\\\/www.omerdental.com\\\/es\\\/politica-de-privacidad\\\/\",\"name\":\"Privacidad y t\u00e9rminos - Omer Istanbul Dental Center\",\"isPartOf\":{\"@id\":\"https:\\\/\\\/www.omerdental.com\\\/es\\\/#website\"},\"datePublished\":\"2023-05-08T11:33:55+00:00\",\"dateModified\":\"2024-02-20T10:36:30+00:00\",\"breadcrumb\":{\"@id\":\"https:\\\/\\\/www.omerdental.com\\\/es\\\/politica-de-privacidad\\\/#breadcrumb\"},\"inLanguage\":\"es\",\"potentialAction\":[{\"@type\":\"ReadAction\",\"target\":[\"https:\\\/\\\/www.omerdental.com\\\/es\\\/politica-de-privacidad\\\/\"]}]},{\"@type\":\"BreadcrumbList\",\"@id\":\"https:\\\/\\\/www.omerdental.com\\\/es\\\/politica-de-privacidad\\\/#breadcrumb\",\"itemListElement\":[{\"@type\":\"ListItem\",\"position\":1,\"name\":\"Anasayfa\",\"item\":\"https:\\\/\\\/www.omerdental.com\\\/es\\\/omer-istanbul\\\/\"},{\"@type\":\"ListItem\",\"position\":2,\"name\":\"Privacidad y t\u00e9rminos\"}]},{\"@type\":\"WebSite\",\"@id\":\"https:\\\/\\\/www.omerdental.com\\\/es\\\/#website\",\"url\":\"https:\\\/\\\/www.omerdental.com\\\/es\\\/\",\"name\":\"Omer Istanbul Dental Center\",\"description\":\"\",\"potentialAction\":[{\"@type\":\"SearchAction\",\"target\":{\"@type\":\"EntryPoint\",\"urlTemplate\":\"https:\\\/\\\/www.omerdental.com\\\/es\\\/?s={search_term_string}\"},\"query-input\":{\"@type\":\"PropertyValueSpecification\",\"valueRequired\":true,\"valueName\":\"search_term_string\"}}],\"inLanguage\":\"es\"}]}<\/script>\n<!-- \/ Yoast SEO plugin. -->","yoast_head_json":{"title":"Privacidad y t\u00e9rminos - Omer Istanbul Dental Center","robots":{"index":"noindex","follow":"follow","max-snippet":"max-snippet:-1","max-image-preview":"max-image-preview:large","max-video-preview":"max-video-preview:-1"},"og_locale":"es_ES","og_type":"article","og_title":"Privacidad y t\u00e9rminos - Omer Istanbul Dental Center","og_url":"https:\/\/www.omerdental.com\/es\/politica-de-privacidad\/","og_site_name":"Omer Istanbul Dental Center","article_publisher":"https:\/\/www.facebook.com\/omeristanbultr\/","article_modified_time":"2024-02-20T10:36:30+00:00","twitter_card":"summary_large_image","twitter_site":"@OmerIstanbultr","twitter_misc":{"Tiempo de lectura":"5 minutos"},"schema":{"@context":"https:\/\/schema.org","@graph":[{"@type":"WebPage","@id":"https:\/\/www.omerdental.com\/es\/politica-de-privacidad\/","url":"https:\/\/www.omerdental.com\/es\/politica-de-privacidad\/","name":"Privacidad y t\u00e9rminos - Omer Istanbul Dental Center","isPartOf":{"@id":"https:\/\/www.omerdental.com\/es\/#website"},"datePublished":"2023-05-08T11:33:55+00:00","dateModified":"2024-02-20T10:36:30+00:00","breadcrumb":{"@id":"https:\/\/www.omerdental.com\/es\/politica-de-privacidad\/#breadcrumb"},"inLanguage":"es","potentialAction":[{"@type":"ReadAction","target":["https:\/\/www.omerdental.com\/es\/politica-de-privacidad\/"]}]},{"@type":"BreadcrumbList","@id":"https:\/\/www.omerdental.com\/es\/politica-de-privacidad\/#breadcrumb","itemListElement":[{"@type":"ListItem","position":1,"name":"Anasayfa","item":"https:\/\/www.omerdental.com\/es\/omer-istanbul\/"},{"@type":"ListItem","position":2,"name":"Privacidad y t\u00e9rminos"}]},{"@type":"WebSite","@id":"https:\/\/www.omerdental.com\/es\/#website","url":"https:\/\/www.omerdental.com\/es\/","name":"Omer Istanbul Dental Center","description":"","potentialAction":[{"@type":"SearchAction","target":{"@type":"EntryPoint","urlTemplate":"https:\/\/www.omerdental.com\/es\/?s={search_term_string}"},"query-input":{"@type":"PropertyValueSpecification","valueRequired":true,"valueName":"search_term_string"}}],"inLanguage":"es"}]}},"_links":{"self":[{"href":"https:\/\/www.omerdental.com\/es\/wp-json\/wp\/v2\/pages\/6974","targetHints":{"allow":["GET"]}}],"collection":[{"href":"https:\/\/www.omerdental.com\/es\/wp-json\/wp\/v2\/pages"}],"about":[{"href":"https:\/\/www.omerdental.com\/es\/wp-json\/wp\/v2\/types\/page"}],"author":[{"embeddable":true,"href":"https:\/\/www.omerdental.com\/es\/wp-json\/wp\/v2\/users\/1"}],"replies":[{"embeddable":true,"href":"https:\/\/www.omerdental.com\/es\/wp-json\/wp\/v2\/comments?post=6974"}],"version-history":[{"count":8,"href":"https:\/\/www.omerdental.com\/es\/wp-json\/wp\/v2\/pages\/6974\/revisions"}],"predecessor-version":[{"id":12956,"href":"https:\/\/www.omerdental.com\/es\/wp-json\/wp\/v2\/pages\/6974\/revisions\/12956"}],"wp:attachment":[{"href":"https:\/\/www.omerdental.com\/es\/wp-json\/wp\/v2\/media?parent=6974"}],"curies":[{"name":"wp","href":"https:\/\/api.w.org\/{rel}","templated":true}]}}