{"id":12855,"date":"2024-02-05T17:08:11","date_gmt":"2024-02-05T14:08:11","guid":{"rendered":"https:\/\/www.omerdental.com\/politique-relative-aux-cookies\/"},"modified":"2024-02-07T12:42:35","modified_gmt":"2024-02-07T09:42:35","slug":"politique-relative-aux-cookies","status":"publish","type":"page","link":"https:\/\/www.omerdental.com\/fr\/politique-relative-aux-cookies\/","title":{"rendered":"Politique relative aux cookies"},"content":{"rendered":"<section class=\"l-section wpb_row us_custom_922b31b9 has_text_color height_large\"><div class=\"l-section-overlay\" style=\"background:rgba(19,27,92,0.70)\"><\/div><div class=\"l-section-h i-cf\"><div class=\"g-cols vc_row via_grid cols_1 laptops-cols_inherit tablets-cols_inherit mobiles-cols_1 valign_top type_default stacking_default\"><div class=\"wpb_column vc_column_container\"><div class=\"vc_column-inner\">[vc_custom_heading text=\u00a0\u00bbPolitique relative aux cookies\u00a0\u00bb font_container=\u00a0\u00bbtag:h1|text_align:left\u00a0\u00bb use_theme_fonts=\u00a0\u00bbyes\u00a0\u00bb el_class=\u00a0\u00bbregular-h1 make-left\u00a0\u00bb]<nav class=\"g-breadcrumbs us_custom_5f1f2269 has_text_color separator_icon align_none\" itemscope itemtype=\"http:\/\/schema.org\/BreadcrumbList\"><div class=\"g-breadcrumbs-item\" itemscope itemprop=\"itemListElement\" itemtype=\"http:\/\/schema.org\/ListItem\"><a itemprop=\"item\" href=\"https:\/\/www.omerdental.com\/fr\/\"><span itemprop=\"name\">Accueil<\/span><\/a><meta itemprop=\"position\" content=\"1\"\/><\/div><div class=\"g-breadcrumbs-separator\"><i class=\"far fa-angle-right\"><\/i><\/div><div class=\"g-breadcrumbs-item\">Pages<\/div><\/nav><\/div><\/div><\/div><\/div><\/section><section class=\"l-section wpb_row height_medium\"><div class=\"l-section-h i-cf\"><div class=\"g-cols vc_row via_grid cols_1 laptops-cols_inherit tablets-cols_inherit mobiles-cols_1 valign_top type_default stacking_default\"><div class=\"wpb_column vc_column_container\"><div class=\"vc_column-inner\"><div class=\"wpb_text_column\"><div class=\"wpb_wrapper\"><h5>Qu&rsquo;est-ce que les cookies ?<\/h5>\n<div class=\"cookie-policy-p\">\n<p>Cette politique relative aux cookies explique ce que sont les cookies et comment nous les utilisons, les types de cookies que nous utilisons, c&rsquo;est-\u00e0-dire les informations que nous collectons \u00e0 l&rsquo;aide de cookies, comment ces informations sont utilis\u00e9es, et comment g\u00e9rer les param\u00e8tres des cookies.<\/p>\n<p>Les cookies sont de petits fichiers texte qui sont utilis\u00e9s pour stocker de petites informations. Ils sont stock\u00e9s sur votre appareil lorsque le site Web est charg\u00e9 dans votre navigateur. Ces cookies nous aident \u00e0 faire fonctionner le site Web correctement, \u00e0 le s\u00e9curiser davantage, \u00e0 offrir une meilleure exp\u00e9rience utilisateur, \u00e0 comprendre comment le site Web fonctionne et \u00e0 analyser ce qui fonctionne et ce qui doit \u00eatre am\u00e9lior\u00e9.<\/p>\n<\/div>\n<h5>Comment utilisons-nous les cookies ?<\/h5>\n<div class=\"cookie-policy-p\">\n<p>Comme la plupart des services en ligne, notre site Web utilise des cookies propri\u00e9taires et tiers \u00e0 plusieurs fins. Les cookies propri\u00e9taires sont principalement n\u00e9cessaires au bon fonctionnement du site Web et ne collectent aucune de vos donn\u00e9es personnelles identifiables.<\/p>\n<p>Les cookies tiers utilis\u00e9s sur notre site Web sont principalement utilis\u00e9s pour comprendre comment le site Web fonctionne, comment vous interagissez avec notre site Web, garantir la s\u00e9curit\u00e9 de nos services, fournir des publicit\u00e9s qui vous concernent, et dans l&rsquo;ensemble vous offrir une meilleure exp\u00e9rience utilisateur et aider \u00e0 acc\u00e9l\u00e9rer vos futures interactions avec notre site Web.<\/p>\n<\/div>\n<h5>Types de cookies que nous utilisons<\/h5>\n<div class=\"cky-audit-table-element\"><\/div>\n<h5 style=\"margin-bottom: 20px;\">G\u00e9rer les pr\u00e9f\u00e9rences en mati\u00e8re de cookies<\/h5>\n<p><a class=\"cky-banner-element\">Param\u00e8tres des cookies<\/a><\/p>\n<div>\n<p>Vous pouvez modifier vos pr\u00e9f\u00e9rences en mati\u00e8re de cookies \u00e0 tout moment en cliquant sur le bouton ci-dessus. Cela vous permettra de revoir la banni\u00e8re de consentement aux cookies et de modifier vos pr\u00e9f\u00e9rences ou de retirer votre consentement imm\u00e9diatement.<\/p>\n<p>En plus de cela, les diff\u00e9rents navigateurs offrent diff\u00e9rentes m\u00e9thodes pour bloquer et supprimer les cookies utilis\u00e9s par les sites Web. Vous pouvez modifier les param\u00e8tres de votre navigateur pour bloquer\/supprimer les cookies. Ci-dessous se trouvent les liens vers les documents d&rsquo;assistance sur la mani\u00e8re de g\u00e9rer et de supprimer les cookies des principaux navigateurs Web.<\/p>\n<p><strong>Chrome :<\/strong> <a href=\"https:\/\/support.google.com\/accounts\/answer\/32050\" target=\"_blank\" rel=\"noopener\">https:\/\/support.google.com\/accounts\/answer\/32050<\/a><\/p>\n<p><strong>Safari :<\/strong> <a href=\"https:\/\/support.apple.com\/en-in\/guide\/safari\/sfri11471\/mac\" target=\"_blank\" rel=\"noopener\">https:\/\/support.apple.com\/en-in\/guide\/safari\/sfri11471\/mac<\/a><\/p>\n<p><strong>Firefox :<\/strong> <a href=\"https:\/\/support.mozilla.org\/en-US\/kb\/clear-cookies-and-site-data-firefox?redirectslug=delete-cookies-remove-info-websites-stored&amp;redirectlocale=en-US\" target=\"_blank\" rel=\"noopener\">https:\/\/support.mozilla.org\/en-US\/kb\/clear-cookies-and-site-data-firefox?redirectslug=delete-cookies-remove-info-websites-stored&amp;redirectlocale=en-US<\/a><\/p>\n<p><strong>Internet Explorer :<\/strong> <a href=\"https:\/\/support.microsoft.com\/en-us\/topic\/how-to-delete-cookie-files-in-internet-explorer-bca9446f-d873-78de-77ba-d42645fa52fc\" target=\"_blank\" rel=\"noopener\">https:\/\/support.microsoft.com\/en-us\/topic\/how-to-delete-cookie-files-in-internet-explorer-bca9446f-d873-78de-77ba-d42645fa52fc<\/a><\/p>\n<p>Si vous utilisez un autre navigateur Web, veuillez consulter les documents d&rsquo;assistance officiels de votre navigateur.<\/p>\n<\/div>\n<\/div><\/div><div class=\"w-separator size_medium\"><\/div><div class=\"wpb_text_column\"><div class=\"wpb_wrapper\"><p>Date d&rsquo;entr\u00e9e en vigueur : 05-F\u00e9v-2024<br \/>\nDerni\u00e8re mise \u00e0 jour : 05-F\u00e9v-2024<\/p>\n<\/div><\/div><\/div><\/div><\/div><\/div><\/section><section class=\"l-section wpb_row height_small\"><div class=\"l-section-h i-cf\"><div class=\"g-cols vc_row via_grid cols_1 laptops-cols_inherit tablets-cols_inherit mobiles-cols_1 valign_top type_default stacking_default\"><div class=\"wpb_column vc_column_container\"><div class=\"vc_column-inner\"><div class=\"w-separator size_huge\"><\/div><\/div><\/div><\/div><\/div><\/section>\n","protected":false},"excerpt":{"rendered":"[vc_custom_heading text=\"Politique relative aux cookies\" font_container=\"tag:h1|text_align:left\" use_theme_fonts=\"yes\" el_class=\"regular-h1 make-left\"]AccueilPagesQu&rsquo;est-ce que les cookies ? Cette politique relative aux cookies explique ce que sont les cookies et comment nous les utilisons, les types de cookies que nous utilisons, c&rsquo;est-\u00e0-dire les informations que nous collectons \u00e0 l&rsquo;aide de cookies, comment ces informations sont utilis\u00e9es, et comment g\u00e9rer les...","protected":false},"author":2,"featured_media":0,"parent":0,"menu_order":0,"comment_status":"closed","ping_status":"closed","template":"","meta":{"footnotes":""},"class_list":["post-12855","page","type-page","status-publish","hentry"],"yoast_head":"<!-- This site is optimized with the Yoast SEO plugin v27.4 - https:\/\/yoast.com\/product\/yoast-seo-wordpress\/ -->\n<title>Politique relative aux cookies - Omer Istanbul Dental Center<\/title>\n<meta name=\"robots\" content=\"noindex, follow\" \/>\n<meta property=\"og:locale\" content=\"fr_FR\" \/>\n<meta property=\"og:type\" content=\"article\" \/>\n<meta property=\"og:title\" content=\"Politique relative aux cookies - Omer Istanbul Dental Center\" \/>\n<meta property=\"og:url\" content=\"https:\/\/www.omerdental.com\/fr\/politique-relative-aux-cookies\/\" \/>\n<meta property=\"og:site_name\" content=\"Omer Istanbul Dental Center\" \/>\n<meta property=\"article:publisher\" content=\"https:\/\/www.facebook.com\/omeristanbultr\/\" \/>\n<meta property=\"article:modified_time\" content=\"2024-02-07T09:42:35+00:00\" \/>\n<meta name=\"twitter:card\" content=\"summary_large_image\" \/>\n<meta name=\"twitter:site\" content=\"@OmerIstanbultr\" \/>\n<meta name=\"twitter:label1\" content=\"Dur\u00e9e de lecture estim\u00e9e\" \/>\n\t<meta name=\"twitter:data1\" content=\"3 minutes\" \/>\n<script type=\"application\/ld+json\" class=\"yoast-schema-graph\">{\"@context\":\"https:\\\/\\\/schema.org\",\"@graph\":[{\"@type\":\"WebPage\",\"@id\":\"https:\\\/\\\/www.omerdental.com\\\/fr\\\/politique-relative-aux-cookies\\\/\",\"url\":\"https:\\\/\\\/www.omerdental.com\\\/fr\\\/politique-relative-aux-cookies\\\/\",\"name\":\"Politique relative aux cookies - Omer Istanbul Dental Center\",\"isPartOf\":{\"@id\":\"https:\\\/\\\/www.omerdental.com\\\/fr\\\/#website\"},\"datePublished\":\"2024-02-05T14:08:11+00:00\",\"dateModified\":\"2024-02-07T09:42:35+00:00\",\"breadcrumb\":{\"@id\":\"https:\\\/\\\/www.omerdental.com\\\/fr\\\/politique-relative-aux-cookies\\\/#breadcrumb\"},\"inLanguage\":\"fr-FR\",\"potentialAction\":[{\"@type\":\"ReadAction\",\"target\":[\"https:\\\/\\\/www.omerdental.com\\\/fr\\\/politique-relative-aux-cookies\\\/\"]}]},{\"@type\":\"BreadcrumbList\",\"@id\":\"https:\\\/\\\/www.omerdental.com\\\/fr\\\/politique-relative-aux-cookies\\\/#breadcrumb\",\"itemListElement\":[{\"@type\":\"ListItem\",\"position\":1,\"name\":\"Anasayfa\",\"item\":\"https:\\\/\\\/www.omerdental.com\\\/fr\\\/omer-istanbul\\\/\"},{\"@type\":\"ListItem\",\"position\":2,\"name\":\"Politique relative aux cookies\"}]},{\"@type\":\"WebSite\",\"@id\":\"https:\\\/\\\/www.omerdental.com\\\/fr\\\/#website\",\"url\":\"https:\\\/\\\/www.omerdental.com\\\/fr\\\/\",\"name\":\"Omer Istanbul Dental Center\",\"description\":\"\",\"potentialAction\":[{\"@type\":\"SearchAction\",\"target\":{\"@type\":\"EntryPoint\",\"urlTemplate\":\"https:\\\/\\\/www.omerdental.com\\\/fr\\\/?s={search_term_string}\"},\"query-input\":{\"@type\":\"PropertyValueSpecification\",\"valueRequired\":true,\"valueName\":\"search_term_string\"}}],\"inLanguage\":\"fr-FR\"}]}<\/script>\n<!-- \/ Yoast SEO plugin. -->","yoast_head_json":{"title":"Politique relative aux cookies - Omer Istanbul Dental Center","robots":{"index":"noindex","follow":"follow"},"og_locale":"fr_FR","og_type":"article","og_title":"Politique relative aux cookies - Omer Istanbul Dental Center","og_url":"https:\/\/www.omerdental.com\/fr\/politique-relative-aux-cookies\/","og_site_name":"Omer Istanbul Dental Center","article_publisher":"https:\/\/www.facebook.com\/omeristanbultr\/","article_modified_time":"2024-02-07T09:42:35+00:00","twitter_card":"summary_large_image","twitter_site":"@OmerIstanbultr","twitter_misc":{"Dur\u00e9e de lecture estim\u00e9e":"3 minutes"},"schema":{"@context":"https:\/\/schema.org","@graph":[{"@type":"WebPage","@id":"https:\/\/www.omerdental.com\/fr\/politique-relative-aux-cookies\/","url":"https:\/\/www.omerdental.com\/fr\/politique-relative-aux-cookies\/","name":"Politique relative aux cookies - Omer Istanbul Dental Center","isPartOf":{"@id":"https:\/\/www.omerdental.com\/fr\/#website"},"datePublished":"2024-02-05T14:08:11+00:00","dateModified":"2024-02-07T09:42:35+00:00","breadcrumb":{"@id":"https:\/\/www.omerdental.com\/fr\/politique-relative-aux-cookies\/#breadcrumb"},"inLanguage":"fr-FR","potentialAction":[{"@type":"ReadAction","target":["https:\/\/www.omerdental.com\/fr\/politique-relative-aux-cookies\/"]}]},{"@type":"BreadcrumbList","@id":"https:\/\/www.omerdental.com\/fr\/politique-relative-aux-cookies\/#breadcrumb","itemListElement":[{"@type":"ListItem","position":1,"name":"Anasayfa","item":"https:\/\/www.omerdental.com\/fr\/omer-istanbul\/"},{"@type":"ListItem","position":2,"name":"Politique relative aux cookies"}]},{"@type":"WebSite","@id":"https:\/\/www.omerdental.com\/fr\/#website","url":"https:\/\/www.omerdental.com\/fr\/","name":"Omer Istanbul Dental Center","description":"","potentialAction":[{"@type":"SearchAction","target":{"@type":"EntryPoint","urlTemplate":"https:\/\/www.omerdental.com\/fr\/?s={search_term_string}"},"query-input":{"@type":"PropertyValueSpecification","valueRequired":true,"valueName":"search_term_string"}}],"inLanguage":"fr-FR"}]}},"_links":{"self":[{"href":"https:\/\/www.omerdental.com\/fr\/wp-json\/wp\/v2\/pages\/12855","targetHints":{"allow":["GET"]}}],"collection":[{"href":"https:\/\/www.omerdental.com\/fr\/wp-json\/wp\/v2\/pages"}],"about":[{"href":"https:\/\/www.omerdental.com\/fr\/wp-json\/wp\/v2\/types\/page"}],"author":[{"embeddable":true,"href":"https:\/\/www.omerdental.com\/fr\/wp-json\/wp\/v2\/users\/2"}],"replies":[{"embeddable":true,"href":"https:\/\/www.omerdental.com\/fr\/wp-json\/wp\/v2\/comments?post=12855"}],"version-history":[{"count":2,"href":"https:\/\/www.omerdental.com\/fr\/wp-json\/wp\/v2\/pages\/12855\/revisions"}],"predecessor-version":[{"id":12857,"href":"https:\/\/www.omerdental.com\/fr\/wp-json\/wp\/v2\/pages\/12855\/revisions\/12857"}],"wp:attachment":[{"href":"https:\/\/www.omerdental.com\/fr\/wp-json\/wp\/v2\/media?parent=12855"}],"curies":[{"name":"wp","href":"https:\/\/api.w.org\/{rel}","templated":true}]}}