{"id":7399,"date":"2023-05-08T14:33:55","date_gmt":"2023-05-08T11:33:55","guid":{"rendered":"https:\/\/www.omerdental.com\/confidentialite-et-conditions\/"},"modified":"2024-02-07T15:34:06","modified_gmt":"2024-02-07T12:34:06","slug":"politique-de-confidentialite","status":"publish","type":"page","link":"https:\/\/www.omerdental.com\/fr\/politique-de-confidentialite\/","title":{"rendered":"Confidentialit\u00e9 et conditions"},"content":{"rendered":"<section class=\"l-section wpb_row us_custom_922b31b9 has_text_color height_large\"><div class=\"l-section-overlay\" style=\"background:rgba(19,27,92,0.70)\"><\/div><div class=\"l-section-h i-cf\"><div class=\"g-cols vc_row via_grid cols_1 laptops-cols_inherit tablets-cols_inherit mobiles-cols_1 valign_top type_default stacking_default\"><div class=\"wpb_column vc_column_container\"><div class=\"vc_column-inner\">[vc_custom_heading text=\u00a0\u00bbPolitique de confidentialit\u00e9\u00a0\u00bb font_container=\u00a0\u00bbtag:h1|text_align:left\u00a0\u00bb use_theme_fonts=\u00a0\u00bbyes\u00a0\u00bb el_class=\u00a0\u00bbregular-h1 make-left\u00a0\u00bb]<nav class=\"g-breadcrumbs us_custom_5f1f2269 has_text_color separator_icon align_none\" itemscope itemtype=\"http:\/\/schema.org\/BreadcrumbList\"><div class=\"g-breadcrumbs-item\" itemscope itemprop=\"itemListElement\" itemtype=\"http:\/\/schema.org\/ListItem\"><a itemprop=\"item\" href=\"https:\/\/www.omerdental.com\/fr\/\"><span itemprop=\"name\">Accueil<\/span><\/a><meta itemprop=\"position\" content=\"1\"\/><\/div><div class=\"g-breadcrumbs-separator\"><i class=\"far fa-angle-right\"><\/i><\/div><div class=\"g-breadcrumbs-item\">Pages<\/div><\/nav><\/div><\/div><\/div><\/div><\/section><section class=\"l-section wpb_row height_medium\"><div class=\"l-section-h i-cf\"><div class=\"g-cols vc_row via_grid cols_1 laptops-cols_inherit tablets-cols_inherit mobiles-cols_1 valign_top type_default stacking_default\"><div class=\"wpb_column vc_column_container\"><div class=\"vc_column-inner\"><div class=\"wpb_text_column\"><div class=\"wpb_wrapper\"><p>Cette politique de confidentialit\u00e9 d\u00e9crit les politiques de YESILBAG SAGLIK HIZMETLERI LIMITED SIRKETI (Omer Istanbul Dental Center), Ak\u015femsettin mah, Adnan Menderes Blv. D:No 6-8, Kat:1-2-3, 34093 Fatih\/Istanbul, 34093, T\u00fcrkiye, e-mail : <a href=\"mailto:info@omerdental.com\">info@omerdental.com<\/a>, t\u00e9l\u00e9phone : +905528403434 sur la collecte, l&rsquo;utilisation et la divulgation de vos informations que nous recueillons lorsque vous utilisez notre site web ( www.omerdental.com ) (le \u00ab <strong>Service<\/strong> \u00bb). En acc\u00e9dant ou en utilisant le Service, vous consentez \u00e0 la collecte, \u00e0 l&rsquo;utilisation et \u00e0 la divulgation de vos informations conform\u00e9ment \u00e0 cette politique de confidentialit\u00e9. Si vous n&rsquo;y consentez pas, veuillez ne pas acc\u00e9der ou utiliser le Service.<\/p>\n<p>Nous pouvons modifier cette politique de confidentialit\u00e9 \u00e0 tout moment sans aucun pr\u00e9avis et publierons la politique de confidentialit\u00e9 r\u00e9vis\u00e9e sur le Service. La politique r\u00e9vis\u00e9e sera effective 180 jours \u00e0 compter de la publication de la politique r\u00e9vis\u00e9e sur le Service et votre acc\u00e8s continu ou votre utilisation du Service apr\u00e8s cette p\u00e9riode constituera votre acceptation de la politique de confidentialit\u00e9 r\u00e9vis\u00e9e. Nous vous recommandons donc de consulter p\u00e9riodiquement cette page.<\/p>\n<h3>Informations que nous recueillons :<\/h3>\n<p>Nous collecterons et traiterons les informations personnelles suivantes vous concernant par le biais du formulaire web :<\/p>\n<ul>\n<li>Nom<\/li>\n<li>E-mail<\/li>\n<li>T\u00e9l\u00e9phone portable\/T\u00e9l\u00e9phone<\/li>\n<\/ul>\n<h3>Comment nous utilisons vos informations :<\/h3>\n<p>Nous utiliserons les informations que nous recueillons vous concernant aux fins suivantes :<\/p>\n<ul>\n<li>Support<\/li>\n<li>Fournir des informations<\/li>\n<\/ul>\n<p>Si nous souhaitons utiliser vos informations \u00e0 d&rsquo;autres fins, nous vous demanderons votre consentement et n&rsquo;utiliserons vos informations qu&rsquo;apr\u00e8s avoir re\u00e7u votre consentement, puis, uniquement pour le(s) but(s) pour le(s)quel(s) vous avez donn\u00e9 votre consentement, sauf si nous sommes tenus de le faire autrement par la loi.<\/p>\n<h3>Comment nous partageons vos informations :<\/h3>\n<p>Nous ne transf\u00e9rerons pas vos informations personnelles \u00e0 des tiers sans demander votre consentement, sauf dans des circonstances limit\u00e9es comme d\u00e9crit ci-dessous :<\/p>\n<ul>\n<li>Service de publicit\u00e9<\/li>\n<li>Analyse<\/li>\n<\/ul>\n<p>Nous demandons \u00e0 ces tiers d&rsquo;utiliser les informations personnelles que nous leur transf\u00e9rons uniquement pour le(s) but(s) pour le(s)quel(s) elles ont \u00e9t\u00e9 transf\u00e9r\u00e9es et de ne pas les conserver plus longtemps que n\u00e9cessaire pour remplir ledit(s) but(s).<\/p>\n<p>Nous pouvons \u00e9galement divulguer vos informations personnelles dans les cas suivants : (1) pour se conformer \u00e0 la loi applicable, \u00e0 la r\u00e9glementation, \u00e0 une ordonnance du tribunal ou \u00e0 un autre processus l\u00e9gal ; (2) pour faire respecter vos accords avec nous, y compris cette politique de confidentialit\u00e9 ; ou (3) pour r\u00e9pondre \u00e0 des r\u00e9clamations selon lesquelles votre utilisation du Service violerait les droits de tiers. Si le Service ou notre soci\u00e9t\u00e9 est fusionn\u00e9 ou acquis par une autre soci\u00e9t\u00e9, vos informations seront l&rsquo;un des actifs transf\u00e9r\u00e9s au nouveau propri\u00e9taire.<\/p>\n<h3>Conservation de vos informations :<\/h3>\n<p>Nous conserverons vos informations personnelles avec nous pendant 90 jours \u00e0 2 ans apr\u00e8s la r\u00e9siliation de leurs comptes par les utilisateurs ou aussi longtemps que n\u00e9cessaire pour remplir les finalit\u00e9s pour lesquelles elles ont \u00e9t\u00e9 collect\u00e9es, comme d\u00e9taill\u00e9 dans cette politique de confidentialit\u00e9. Nous pourrions avoir besoin de conserver certaines informations pendant des p\u00e9riodes plus longues, telles que la tenue de registres \/ rapports conform\u00e9ment \u00e0 la loi applicable ou pour d&rsquo;autres raisons l\u00e9gitimes comme l&rsquo;application des droits l\u00e9gaux, la pr\u00e9vention de la fraude, etc. Les informations r\u00e9siduelles anonymes et les informations agr\u00e9g\u00e9es, qui ne vous identifient pas (directement ou indirectement), peuvent \u00eatre stock\u00e9es ind\u00e9finiment.<\/p>\n<h3>Vos droits :<\/h3>\n<p>Selon la loi applicable, vous pouvez avoir le droit d&rsquo;acc\u00e9der et de rectifier ou d&rsquo;effacer vos donn\u00e9es personnelles ou de recevoir une copie de vos donn\u00e9es personnelles, de limiter ou de vous opposer au traitement actif de vos donn\u00e9es, de nous demander de partager (porter) vos informations personnelles \u00e0 une autre entit\u00e9, de retirer tout consentement que vous nous avez donn\u00e9 pour traiter vos donn\u00e9es, un droit de d\u00e9poser une plainte aupr\u00e8s d&rsquo;une autorit\u00e9 statutaire et d&rsquo;autres droits qui peuvent \u00eatre pertinents en vertu des lois applicables. Pour exercer ces droits, vous pouvez nous \u00e9crire \u00e0 i<a href=\"mailto:nfo@omerdental.com\">nfo@omerdental.com<\/a>. Nous r\u00e9pondrons \u00e0 votre demande conform\u00e9ment \u00e0 la loi applicable.<\/p>\n<p>Notez que si vous ne nous permettez pas de collecter ou de traiter les informations personnelles requises ou de retirer le consentement pour traiter les m\u00eames fins requises, vous pourriez ne pas \u00eatre en mesure d&rsquo;acc\u00e9der ou d&rsquo;utiliser les services pour lesquels vos informations \u00e9taient demand\u00e9es.<\/p>\n<h3>Cookies, etc. :<\/h3>\n<p>Pour en savoir plus sur la mani\u00e8re dont nous utilisons ces technologies et sur vos choix en mati\u00e8re de ces technologies de suivi, veuillez vous r\u00e9f\u00e9rer \u00e0 notre <a style=\"text-decoration: underline;\" href=\"https:\/\/www.omerdental.com\/fr\/politique-relative-aux-cookies\/\"><strong>Politique en mati\u00e8re de cookies<\/strong><\/a>.<\/p>\n<h3>S\u00e9curit\u00e9 :<\/h3>\n<p>La s\u00e9curit\u00e9 de vos informations est importante pour nous et nous utiliserons des mesures de s\u00e9curit\u00e9 raisonnables pour pr\u00e9venir la perte, l&rsquo;abus ou la modification non autoris\u00e9e de vos informations sous notre contr\u00f4le. Cependant, compte tenu des risques inh\u00e9rents, nous ne pouvons garantir une s\u00e9curit\u00e9 absolue et, par cons\u00e9quent, nous ne pouvons assurer ou garantir la s\u00e9curit\u00e9 de toute information que vous nous transmettez et vous le faites \u00e0 vos risques et p\u00e9rils.<\/p>\n<h3>R\u00e9clamation \/ D\u00e9l\u00e9gu\u00e9 \u00e0 la protection des donn\u00e9es :<\/h3>\n<p>Si vous avez des questions ou des pr\u00e9occupations concernant le traitement de vos informations disponibles chez nous, vous pouvez envoyer un e-mail \u00e0 notre D\u00e9l\u00e9gu\u00e9 aux r\u00e9clamations \u00e0 Omer Istanbul Dental Center, Ak\u015femsettin mah, Adnan Menderes Blv. D:No 6-8, Kat:1-2-3, 34093 Fatih\/Istanbul, T\u00fcrkiye email : <a href=\"mailto:info@omerdental.com\">info@omerdental.com<\/a>. Nous traiterons vos pr\u00e9occupations conform\u00e9ment \u00e0 la loi applicable.<\/p>\n<\/div><\/div><div class=\"w-separator size_medium\"><\/div><div class=\"wpb_text_column\"><div class=\"wpb_wrapper\"><p>Derni\u00e8re mise \u00e0 jour le 05-Feb-2024<br \/>\nDate d&rsquo;effet 05-Feb-2024<\/p>\n<\/div><\/div><\/div><\/div><\/div><\/div><\/section><section class=\"l-section wpb_row height_small\"><div class=\"l-section-h i-cf\"><div class=\"g-cols vc_row via_grid cols_1 laptops-cols_inherit tablets-cols_inherit mobiles-cols_1 valign_top type_default stacking_default\"><div class=\"wpb_column vc_column_container\"><div class=\"vc_column-inner\"><div class=\"w-separator size_huge\"><\/div><\/div><\/div><\/div><\/div><\/section>\n","protected":false},"excerpt":{"rendered":"[vc_custom_heading text=\"Politique de confidentialit\u00e9\" font_container=\"tag:h1|text_align:left\" use_theme_fonts=\"yes\" el_class=\"regular-h1 make-left\"]AccueilPagesCette politique de confidentialit\u00e9 d\u00e9crit les politiques de YESILBAG SAGLIK HIZMETLERI LIMITED SIRKETI (Omer Istanbul Dental Center), Ak\u015femsettin mah, Adnan Menderes Blv. D:No 6-8, Kat:1-2-3, 34093 Fatih\/Istanbul, 34093, T\u00fcrkiye, e-mail : info@omerdental.com, t\u00e9l\u00e9phone : +905528403434 sur la collecte, l&rsquo;utilisation et la divulgation de vos informations que nous recueillons...","protected":false},"author":1,"featured_media":0,"parent":0,"menu_order":0,"comment_status":"closed","ping_status":"open","template":"","meta":{"footnotes":""},"class_list":["post-7399","page","type-page","status-publish","hentry"],"yoast_head":"<!-- This site is optimized with the Yoast SEO plugin v27.4 - https:\/\/yoast.com\/product\/yoast-seo-wordpress\/ -->\n<title>Confidentialit\u00e9 et conditions - Omer Istanbul Dental Center<\/title>\n<meta name=\"robots\" content=\"noindex, follow, max-snippet:-1, max-image-preview:large, max-video-preview:-1\" \/>\n<meta property=\"og:locale\" content=\"fr_FR\" \/>\n<meta property=\"og:type\" content=\"article\" \/>\n<meta property=\"og:title\" content=\"Confidentialit\u00e9 et conditions - Omer Istanbul Dental Center\" \/>\n<meta property=\"og:url\" content=\"https:\/\/www.omerdental.com\/fr\/politique-de-confidentialite\/\" \/>\n<meta property=\"og:site_name\" content=\"Omer Istanbul Dental Center\" \/>\n<meta property=\"article:publisher\" content=\"https:\/\/www.facebook.com\/omeristanbultr\/\" \/>\n<meta property=\"article:modified_time\" content=\"2024-02-07T12:34:06+00:00\" \/>\n<meta name=\"twitter:card\" content=\"summary_large_image\" \/>\n<meta name=\"twitter:site\" content=\"@OmerIstanbultr\" \/>\n<meta name=\"twitter:label1\" content=\"Dur\u00e9e de lecture estim\u00e9e\" \/>\n\t<meta name=\"twitter:data1\" content=\"5 minutes\" \/>\n<script type=\"application\/ld+json\" class=\"yoast-schema-graph\">{\"@context\":\"https:\\\/\\\/schema.org\",\"@graph\":[{\"@type\":\"WebPage\",\"@id\":\"https:\\\/\\\/www.omerdental.com\\\/fr\\\/politique-de-confidentialite\\\/\",\"url\":\"https:\\\/\\\/www.omerdental.com\\\/fr\\\/politique-de-confidentialite\\\/\",\"name\":\"Confidentialit\u00e9 et conditions - Omer Istanbul Dental Center\",\"isPartOf\":{\"@id\":\"https:\\\/\\\/www.omerdental.com\\\/fr\\\/#website\"},\"datePublished\":\"2023-05-08T11:33:55+00:00\",\"dateModified\":\"2024-02-07T12:34:06+00:00\",\"breadcrumb\":{\"@id\":\"https:\\\/\\\/www.omerdental.com\\\/fr\\\/politique-de-confidentialite\\\/#breadcrumb\"},\"inLanguage\":\"fr-FR\",\"potentialAction\":[{\"@type\":\"ReadAction\",\"target\":[\"https:\\\/\\\/www.omerdental.com\\\/fr\\\/politique-de-confidentialite\\\/\"]}]},{\"@type\":\"BreadcrumbList\",\"@id\":\"https:\\\/\\\/www.omerdental.com\\\/fr\\\/politique-de-confidentialite\\\/#breadcrumb\",\"itemListElement\":[{\"@type\":\"ListItem\",\"position\":1,\"name\":\"Anasayfa\",\"item\":\"https:\\\/\\\/www.omerdental.com\\\/fr\\\/omer-istanbul\\\/\"},{\"@type\":\"ListItem\",\"position\":2,\"name\":\"Confidentialit\u00e9 et conditions\"}]},{\"@type\":\"WebSite\",\"@id\":\"https:\\\/\\\/www.omerdental.com\\\/fr\\\/#website\",\"url\":\"https:\\\/\\\/www.omerdental.com\\\/fr\\\/\",\"name\":\"Omer Istanbul Dental Center\",\"description\":\"\",\"potentialAction\":[{\"@type\":\"SearchAction\",\"target\":{\"@type\":\"EntryPoint\",\"urlTemplate\":\"https:\\\/\\\/www.omerdental.com\\\/fr\\\/?s={search_term_string}\"},\"query-input\":{\"@type\":\"PropertyValueSpecification\",\"valueRequired\":true,\"valueName\":\"search_term_string\"}}],\"inLanguage\":\"fr-FR\"}]}<\/script>\n<!-- \/ Yoast SEO plugin. -->","yoast_head_json":{"title":"Confidentialit\u00e9 et conditions - Omer Istanbul Dental Center","robots":{"index":"noindex","follow":"follow","max-snippet":"max-snippet:-1","max-image-preview":"max-image-preview:large","max-video-preview":"max-video-preview:-1"},"og_locale":"fr_FR","og_type":"article","og_title":"Confidentialit\u00e9 et conditions - Omer Istanbul Dental Center","og_url":"https:\/\/www.omerdental.com\/fr\/politique-de-confidentialite\/","og_site_name":"Omer Istanbul Dental Center","article_publisher":"https:\/\/www.facebook.com\/omeristanbultr\/","article_modified_time":"2024-02-07T12:34:06+00:00","twitter_card":"summary_large_image","twitter_site":"@OmerIstanbultr","twitter_misc":{"Dur\u00e9e de lecture estim\u00e9e":"5 minutes"},"schema":{"@context":"https:\/\/schema.org","@graph":[{"@type":"WebPage","@id":"https:\/\/www.omerdental.com\/fr\/politique-de-confidentialite\/","url":"https:\/\/www.omerdental.com\/fr\/politique-de-confidentialite\/","name":"Confidentialit\u00e9 et conditions - Omer Istanbul Dental Center","isPartOf":{"@id":"https:\/\/www.omerdental.com\/fr\/#website"},"datePublished":"2023-05-08T11:33:55+00:00","dateModified":"2024-02-07T12:34:06+00:00","breadcrumb":{"@id":"https:\/\/www.omerdental.com\/fr\/politique-de-confidentialite\/#breadcrumb"},"inLanguage":"fr-FR","potentialAction":[{"@type":"ReadAction","target":["https:\/\/www.omerdental.com\/fr\/politique-de-confidentialite\/"]}]},{"@type":"BreadcrumbList","@id":"https:\/\/www.omerdental.com\/fr\/politique-de-confidentialite\/#breadcrumb","itemListElement":[{"@type":"ListItem","position":1,"name":"Anasayfa","item":"https:\/\/www.omerdental.com\/fr\/omer-istanbul\/"},{"@type":"ListItem","position":2,"name":"Confidentialit\u00e9 et conditions"}]},{"@type":"WebSite","@id":"https:\/\/www.omerdental.com\/fr\/#website","url":"https:\/\/www.omerdental.com\/fr\/","name":"Omer Istanbul Dental Center","description":"","potentialAction":[{"@type":"SearchAction","target":{"@type":"EntryPoint","urlTemplate":"https:\/\/www.omerdental.com\/fr\/?s={search_term_string}"},"query-input":{"@type":"PropertyValueSpecification","valueRequired":true,"valueName":"search_term_string"}}],"inLanguage":"fr-FR"}]}},"_links":{"self":[{"href":"https:\/\/www.omerdental.com\/fr\/wp-json\/wp\/v2\/pages\/7399","targetHints":{"allow":["GET"]}}],"collection":[{"href":"https:\/\/www.omerdental.com\/fr\/wp-json\/wp\/v2\/pages"}],"about":[{"href":"https:\/\/www.omerdental.com\/fr\/wp-json\/wp\/v2\/types\/page"}],"author":[{"embeddable":true,"href":"https:\/\/www.omerdental.com\/fr\/wp-json\/wp\/v2\/users\/1"}],"replies":[{"embeddable":true,"href":"https:\/\/www.omerdental.com\/fr\/wp-json\/wp\/v2\/comments?post=7399"}],"version-history":[{"count":4,"href":"https:\/\/www.omerdental.com\/fr\/wp-json\/wp\/v2\/pages\/7399\/revisions"}],"predecessor-version":[{"id":12896,"href":"https:\/\/www.omerdental.com\/fr\/wp-json\/wp\/v2\/pages\/7399\/revisions\/12896"}],"wp:attachment":[{"href":"https:\/\/www.omerdental.com\/fr\/wp-json\/wp\/v2\/media?parent=7399"}],"curies":[{"name":"wp","href":"https:\/\/api.w.org\/{rel}","templated":true}]}}