{"id":7440,"date":"2023-05-15T15:52:46","date_gmt":"2023-05-15T12:52:46","guid":{"rendered":"https:\/\/www.omerdental.com\/iletisim\/"},"modified":"2025-12-11T15:51:29","modified_gmt":"2025-12-11T12:51:29","slug":"nous-contacter","status":"publish","type":"page","link":"https:\/\/www.omerdental.com\/fr\/nous-contacter\/","title":{"rendered":"CONTACTEZ-NOUS"},"content":{"rendered":"<section class=\"l-section wpb_row height_auto width_full\"><div class=\"l-section-h i-cf\"><div class=\"g-cols vc_row via_grid cols_1 laptops-cols_inherit tablets-cols_inherit mobiles-cols_1 valign_top type_default stacking_default\"><div class=\"wpb_column vc_column_container\"><div class=\"vc_column-inner\"><div class=\"wpb_text_column\"><div class=\"wpb_wrapper\"><p><iframe loading=\"lazy\" style=\"border: 0;\" src=\"https:\/\/www.google.com\/maps\/embed?pb=!1m14!1m8!1m3!1d12041.941190454538!2d28.9442635!3d41.0146375!3m2!1i1024!2i768!4f13.1!3m3!1m2!1s0x14cabad25792fb25%3A0xba50e1c97d7921c!2s%C3%96mer%20%C4%B0stanbul%20Di%C5%9F%20Poliklini%C4%9Fi%20%7C%20Implant%20%7C%20Veneer%20%7C%20Dental%20Turkey%20(DENTOMER)!5e0!3m2!1str!2str!4v1684155079081!5m2!1str!2str\" width=\"100%\" height=\"350\" allowfullscreen=\"allowfullscreen\"><span data-mce-type=\"bookmark\" style=\"display: inline-block; width: 0px; overflow: hidden; line-height: 0;\" class=\"mce_SELRES_start\">\ufeff<\/span><span data-mce-type=\"bookmark\" style=\"display: inline-block; width: 0px; overflow: hidden; line-height: 0;\" class=\"mce_SELRES_start\">\ufeff<\/span><span data-mce-type=\"bookmark\" style=\"display: inline-block; width: 0px; overflow: hidden; line-height: 0;\" class=\"mce_SELRES_start\">\ufeff<\/span><\/iframe><\/p>\n<\/div><\/div><\/div><\/div><\/div><\/div><\/section><section class=\"l-section wpb_row us_custom_872ef739 height_small\"><div class=\"l-section-h i-cf\"><div class=\"g-cols vc_row via_grid cols_1 laptops-cols_inherit tablets-cols_inherit mobiles-cols_1 valign_top type_default stacking_default\"><div class=\"wpb_column vc_column_container\"><div class=\"vc_column-inner\"><div class=\"w-separator size_small\"><\/div>[vc_custom_heading text=\u00a0\u00bbComment Pouvons-Nous Vous Aider ?\u00a0\u00bb font_container=\u00a0\u00bbtag:h2|text_align:center\u00a0\u00bb use_theme_fonts=\u00a0\u00bbyes\u00a0\u00bb]<div class=\"wpb_text_column us_custom_eb849559\"><div class=\"wpb_wrapper\"><p>Si vous avez des questions ou des pr\u00e9occupations, n&rsquo;h\u00e9sitez pas \u00e0 remplir notre formulaire de contact g\u00e9n\u00e9ral. Nous vous r\u00e9pondrons dans les plus brefs d\u00e9lais. Vous pouvez \u00e9galement nous joindre via nos autres canaux de contact.<\/p>\n<\/div><\/div><div class=\"w-separator size_medium\"><\/div><div class=\"g-cols wpb_row us_custom_8d4cffc7 via_grid cols_2 laptops-cols_inherit tablets-cols_inherit mobiles-cols_1 valign_top type_default reversed stacking_default\" style=\"--columns-gap:3rem;\"><div class=\"wpb_column vc_column_container\"><div class=\"vc_column-inner\">[vc_custom_heading text=\u00a0\u00bbInformations de Contact\u00a0\u00bb font_container=\u00a0\u00bbtag:h3|text_align:left\u00a0\u00bb use_theme_fonts=\u00a0\u00bbyes\u00a0\u00bb el_class=\u00a0\u00bbservice-h3&Prime;]<div class=\"w-contacts\"><div class=\"w-contacts-list\"><div class=\"w-contacts-item for_address\"><span class=\"w-contacts-item-value\">Ak\u015femsettin mah, Adnan Menderes Blv. D:No 6-8, Kat:1-2-3, 34093 Fatih\/Istanbul\/Turquie<\/span><\/div><div class=\"w-contacts-item for_mobile\"><span class=\"w-contacts-item-value\"><a href=\"tel:+905465249530\">+90 546 524 95 30<\/a><\/span><\/div><div class=\"w-contacts-item for_email\"><span class=\"w-contacts-item-value\"><a href=\"mailto:info@omerdental.com\">info@omerdental.com<\/a><\/span><\/div><\/div><\/div><div class=\"w-separator size_medium\"><\/div>[vc_custom_heading text=\u00a0\u00bbSUIVEZ-NOUS\u00a0\u00bb font_container=\u00a0\u00bbtag:h3|text_align:left\u00a0\u00bb use_theme_fonts=\u00a0\u00bbyes\u00a0\u00bb el_class=\u00a0\u00bbservice-h3&Prime;]<div class=\"w-socials us_custom_35165822 has_text_color color_text shape_circle style_outlined hover_fade\" style=\"--gap:5px;\"><div class=\"w-socials-list\"><div class=\"w-socials-item facebook\"><a target=\"_blank\" rel=\"nofollow\" href=\"https:\/\/www.facebook.com\/omeristanbultr\" class=\"w-socials-item-link\" aria-label=\"Facebook\"><span class=\"w-socials-item-link-hover\"><\/span><i class=\"fab fa-facebook\"><\/i><\/a><div class=\"w-socials-item-popup\"><span>Facebook<\/span><\/div><\/div><div class=\"w-socials-item instagram\"><a target=\"_blank\" rel=\"nofollow\" href=\"https:\/\/www.instagram.com\/omeristanbultr\/\" class=\"w-socials-item-link\" aria-label=\"Instagram\"><span class=\"w-socials-item-link-hover\"><\/span><i class=\"fab fa-instagram\"><\/i><\/a><div class=\"w-socials-item-popup\"><span>Instagram<\/span><\/div><\/div><div class=\"w-socials-item youtube\"><a target=\"_blank\" rel=\"nofollow\" href=\"https:\/\/www.youtube.com\/c\/omeristanbultr\" class=\"w-socials-item-link\" aria-label=\"YouTube\"><span class=\"w-socials-item-link-hover\"><\/span><i class=\"fab fa-youtube\"><\/i><\/a><div class=\"w-socials-item-popup\"><span>YouTube<\/span><\/div><\/div><div class=\"w-socials-item linkedin\"><a target=\"_blank\" rel=\"nofollow\" href=\"https:\/\/www.linkedin.com\/company\/omeristanbultr\/\" class=\"w-socials-item-link\" aria-label=\"LinkedIn\"><span class=\"w-socials-item-link-hover\"><\/span><i class=\"fab fa-linkedin\"><\/i><\/a><div class=\"w-socials-item-popup\"><span>LinkedIn<\/span><\/div><\/div><div class=\"w-socials-item pinterest\"><a target=\"_blank\" rel=\"nofollow\" href=\"https:\/\/pinterest.com\/omeristanbulturkey\/\" class=\"w-socials-item-link\" aria-label=\"Pinterest\"><span class=\"w-socials-item-link-hover\"><\/span><i class=\"fab fa-pinterest\"><\/i><\/a><div class=\"w-socials-item-popup\"><span>Pinterest<\/span><\/div><\/div><\/div><\/div><\/div><\/div><div class=\"wpb_column vc_column_container\"><div class=\"vc_column-inner\">[vc_custom_heading text=\u00a0\u00bbFormulaire de Contact G\u00e9n\u00e9ral\u00a0\u00bb font_container=\u00a0\u00bbtag:h3|text_align:left\u00a0\u00bb use_theme_fonts=\u00a0\u00bbyes\u00a0\u00bb el_class=\u00a0\u00bbservice-h3&Prime;]\n<div class=\"wpcf7 no-js\" id=\"wpcf7-f7421-o1\" lang=\"fr-FR\" dir=\"ltr\" data-wpcf7-id=\"7421\">\n<div class=\"screen-reader-response\"><p role=\"status\" aria-live=\"polite\" aria-atomic=\"true\"><\/p> <ul><\/ul><\/div>\n<form action=\"\/fr\/wp-json\/wp\/v2\/pages\/7440#wpcf7-f7421-o1\" method=\"post\" class=\"wpcf7-form init\" aria-label=\"Formulaire de contact\" novalidate=\"novalidate\" data-status=\"init\">\n<fieldset class=\"hidden-fields-container\"><input type=\"hidden\" name=\"_wpcf7\" value=\"7421\" \/><input type=\"hidden\" name=\"_wpcf7_version\" value=\"6.1.5\" \/><input type=\"hidden\" name=\"_wpcf7_locale\" value=\"fr_FR\" \/><input type=\"hidden\" name=\"_wpcf7_unit_tag\" value=\"wpcf7-f7421-o1\" \/><input type=\"hidden\" name=\"_wpcf7_container_post\" value=\"0\" \/><input type=\"hidden\" name=\"_wpcf7_posted_data_hash\" value=\"\" \/>\n<\/fieldset>\n<p><label> <span class=\"wpcf7-form-control-wrap\" data-name=\"your-name\"><input size=\"40\" maxlength=\"400\" class=\"wpcf7-form-control wpcf7-text wpcf7-validates-as-required\" autocomplete=\"name\" aria-required=\"true\" aria-invalid=\"false\" placeholder=\"Nom*\" value=\"\" type=\"text\" name=\"your-name\" \/><\/span> <\/label><label><span class=\"wpcf7-form-control-wrap\" data-name=\"your-email\"><input size=\"40\" maxlength=\"400\" class=\"wpcf7-form-control wpcf7-email wpcf7-validates-as-required wpcf7-text wpcf7-validates-as-email\" autocomplete=\"email\" aria-required=\"true\" aria-invalid=\"false\" placeholder=\"E-mail*\" value=\"\" type=\"email\" name=\"your-email\" \/><\/span> <\/label><label><span class=\"wpcf7-form-control-wrap intl_tel-323\"><input class=\"wpcf7-form-control wpcf7-intl_tel wpcf7-intl-tel\" aria-invalid=\"false\" placeholder=\"T\u00e9l\u00e9phone\" size=\"100%\" data-initialcountry=\"fr\" value=\"\" type=\"tel\" name=\"intl_tel-323-cf7it-national\" \/><input name=\"intl_tel-323\" type=\"hidden\" class=\"wpcf7-intl-tel-full\" \/><input type=\"hidden\" name=\"intl_tel-323-cf7it-country-name\" class=\"wpcf7-intl-tel-country-name\" \/><input type=\"hidden\" name=\"intl_tel-323-cf7it-country-code\" class=\"wpcf7-intl-tel-country-code\" \/><input type=\"hidden\" name=\"intl_tel-323-cf7it-country-iso2\" class=\"wpcf7-intl-tel-country-iso2\" \/><\/span><\/label><label><span class=\"wpcf7-form-control-wrap\" data-name=\"your-message\"><textarea cols=\"40\" rows=\"10\" maxlength=\"2000\" class=\"wpcf7-form-control wpcf7-textarea wpcf7-validates-as-required\" aria-required=\"true\" aria-invalid=\"false\" placeholder=\"Votre Message*\" name=\"your-message\"><\/textarea><\/span> <\/label><br \/>\n<input class=\"wpcf7-form-control wpcf7-submit has-spinner\" type=\"submit\" value=\"ENVOYER\" \/>\n<\/p><div class=\"wpcf7-response-output\" aria-hidden=\"true\"><\/div>\n<\/form>\n<\/div>\n<\/div><\/div><\/div><\/div><\/div><\/div><\/div><\/section>\n","protected":false},"excerpt":{"rendered":"\ufeff\ufeff\ufeff [vc_custom_heading text=\"Comment Pouvons-Nous Vous Aider ?\" font_container=\"tag:h2|text_align:center\" use_theme_fonts=\"yes\"]Si vous avez des questions ou des pr\u00e9occupations, n&rsquo;h\u00e9sitez pas \u00e0 remplir notre formulaire de contact g\u00e9n\u00e9ral. Nous vous r\u00e9pondrons dans les plus brefs d\u00e9lais. Vous pouvez \u00e9galement nous joindre via nos autres canaux de contact. [vc_custom_heading text=\"Informations de Contact\" font_container=\"tag:h3|text_align:left\" use_theme_fonts=\"yes\" el_class=\"service-h3\"]Ak\u015femsettin mah, Adnan Menderes Blv....","protected":false},"author":1,"featured_media":7341,"parent":0,"menu_order":0,"comment_status":"closed","ping_status":"closed","template":"","meta":{"footnotes":""},"class_list":["post-7440","page","type-page","status-publish","has-post-thumbnail","hentry"],"yoast_head":"<!-- This site is optimized with the Yoast SEO plugin v27.4 - https:\/\/yoast.com\/product\/yoast-seo-wordpress\/ -->\n<title>Contactez-Nous : Consultation Gratuite - Centre Dentaire Omer Istanbul<\/title>\n<meta name=\"description\" content=\"Coordonn\u00e9es du Centre Dentaire Omer Istanbul. Contactez-nous et prenez rendez-vous. Nous sommes l\u00e0 pour r\u00e9pondre \u00e0 vos pr\u00e9occupations dentaires.\" \/>\n<meta name=\"robots\" content=\"noindex, follow, max-snippet:-1, max-image-preview:large, max-video-preview:-1\" \/>\n<meta property=\"og:locale\" content=\"fr_FR\" \/>\n<meta property=\"og:type\" content=\"article\" \/>\n<meta property=\"og:title\" content=\"Contactez-Nous : Consultation Gratuite - Centre Dentaire Omer Istanbul\" \/>\n<meta property=\"og:description\" content=\"Coordonn\u00e9es du Centre Dentaire Omer Istanbul. Contactez-nous et prenez rendez-vous. Nous sommes l\u00e0 pour r\u00e9pondre \u00e0 vos pr\u00e9occupations dentaires.\" \/>\n<meta property=\"og:url\" content=\"https:\/\/www.omerdental.com\/fr\/nous-contacter\/\" \/>\n<meta property=\"og:site_name\" content=\"Omer Istanbul Dental Center\" \/>\n<meta property=\"article:publisher\" content=\"https:\/\/www.facebook.com\/omeristanbultr\/\" \/>\n<meta property=\"article:modified_time\" content=\"2025-12-11T12:51:29+00:00\" \/>\n<meta property=\"og:image\" content=\"https:\/\/www.omerdental.com\/wp-content\/uploads\/2023\/10\/omer-istanbul-center.webp\" \/>\n\t<meta property=\"og:image:width\" content=\"500\" \/>\n\t<meta property=\"og:image:height\" content=\"500\" \/>\n\t<meta property=\"og:image:type\" content=\"image\/webp\" \/>\n<meta name=\"twitter:card\" content=\"summary_large_image\" \/>\n<meta name=\"twitter:site\" content=\"@OmerIstanbultr\" \/>\n<meta name=\"twitter:label1\" content=\"Dur\u00e9e de lecture estim\u00e9e\" \/>\n\t<meta name=\"twitter:data1\" content=\"1 minute\" \/>\n<script type=\"application\/ld+json\" class=\"yoast-schema-graph\">{\"@context\":\"https:\\\/\\\/schema.org\",\"@graph\":[{\"@type\":\"WebPage\",\"@id\":\"https:\\\/\\\/www.omerdental.com\\\/fr\\\/nous-contacter\\\/\",\"url\":\"https:\\\/\\\/www.omerdental.com\\\/fr\\\/nous-contacter\\\/\",\"name\":\"Contactez-Nous : Consultation Gratuite - Centre Dentaire Omer Istanbul\",\"isPartOf\":{\"@id\":\"https:\\\/\\\/www.omerdental.com\\\/fr\\\/#website\"},\"primaryImageOfPage\":{\"@id\":\"https:\\\/\\\/www.omerdental.com\\\/fr\\\/nous-contacter\\\/#primaryimage\"},\"image\":{\"@id\":\"https:\\\/\\\/www.omerdental.com\\\/fr\\\/nous-contacter\\\/#primaryimage\"},\"thumbnailUrl\":\"https:\\\/\\\/www.omerdental.com\\\/wp-content\\\/uploads\\\/2023\\\/10\\\/omer-istanbul-center.webp\",\"datePublished\":\"2023-05-15T12:52:46+00:00\",\"dateModified\":\"2025-12-11T12:51:29+00:00\",\"description\":\"Coordonn\u00e9es du Centre Dentaire Omer Istanbul. Contactez-nous et prenez rendez-vous. Nous sommes l\u00e0 pour r\u00e9pondre \u00e0 vos pr\u00e9occupations dentaires.\",\"breadcrumb\":{\"@id\":\"https:\\\/\\\/www.omerdental.com\\\/fr\\\/nous-contacter\\\/#breadcrumb\"},\"inLanguage\":\"fr-FR\",\"potentialAction\":[{\"@type\":\"ReadAction\",\"target\":[\"https:\\\/\\\/www.omerdental.com\\\/fr\\\/nous-contacter\\\/\"]}]},{\"@type\":\"ImageObject\",\"inLanguage\":\"fr-FR\",\"@id\":\"https:\\\/\\\/www.omerdental.com\\\/fr\\\/nous-contacter\\\/#primaryimage\",\"url\":\"https:\\\/\\\/www.omerdental.com\\\/wp-content\\\/uploads\\\/2023\\\/10\\\/omer-istanbul-center.webp\",\"contentUrl\":\"https:\\\/\\\/www.omerdental.com\\\/wp-content\\\/uploads\\\/2023\\\/10\\\/omer-istanbul-center.webp\",\"width\":500,\"height\":500},{\"@type\":\"BreadcrumbList\",\"@id\":\"https:\\\/\\\/www.omerdental.com\\\/fr\\\/nous-contacter\\\/#breadcrumb\",\"itemListElement\":[{\"@type\":\"ListItem\",\"position\":1,\"name\":\"Anasayfa\",\"item\":\"https:\\\/\\\/www.omerdental.com\\\/fr\\\/omer-istanbul\\\/\"},{\"@type\":\"ListItem\",\"position\":2,\"name\":\"CONTACTEZ-NOUS\"}]},{\"@type\":\"WebSite\",\"@id\":\"https:\\\/\\\/www.omerdental.com\\\/fr\\\/#website\",\"url\":\"https:\\\/\\\/www.omerdental.com\\\/fr\\\/\",\"name\":\"Omer Istanbul Dental Center\",\"description\":\"\",\"potentialAction\":[{\"@type\":\"SearchAction\",\"target\":{\"@type\":\"EntryPoint\",\"urlTemplate\":\"https:\\\/\\\/www.omerdental.com\\\/fr\\\/?s={search_term_string}\"},\"query-input\":{\"@type\":\"PropertyValueSpecification\",\"valueRequired\":true,\"valueName\":\"search_term_string\"}}],\"inLanguage\":\"fr-FR\"}]}<\/script>\n<!-- \/ Yoast SEO plugin. -->","yoast_head_json":{"title":"Contactez-Nous : Consultation Gratuite - Centre Dentaire Omer Istanbul","description":"Coordonn\u00e9es du Centre Dentaire Omer Istanbul. Contactez-nous et prenez rendez-vous. Nous sommes l\u00e0 pour r\u00e9pondre \u00e0 vos pr\u00e9occupations dentaires.","robots":{"index":"noindex","follow":"follow","max-snippet":"max-snippet:-1","max-image-preview":"max-image-preview:large","max-video-preview":"max-video-preview:-1"},"og_locale":"fr_FR","og_type":"article","og_title":"Contactez-Nous : Consultation Gratuite - Centre Dentaire Omer Istanbul","og_description":"Coordonn\u00e9es du Centre Dentaire Omer Istanbul. Contactez-nous et prenez rendez-vous. Nous sommes l\u00e0 pour r\u00e9pondre \u00e0 vos pr\u00e9occupations dentaires.","og_url":"https:\/\/www.omerdental.com\/fr\/nous-contacter\/","og_site_name":"Omer Istanbul Dental Center","article_publisher":"https:\/\/www.facebook.com\/omeristanbultr\/","article_modified_time":"2025-12-11T12:51:29+00:00","og_image":[{"width":500,"height":500,"url":"https:\/\/www.omerdental.com\/wp-content\/uploads\/2023\/10\/omer-istanbul-center.webp","type":"image\/webp"}],"twitter_card":"summary_large_image","twitter_site":"@OmerIstanbultr","twitter_misc":{"Dur\u00e9e de lecture estim\u00e9e":"1 minute"},"schema":{"@context":"https:\/\/schema.org","@graph":[{"@type":"WebPage","@id":"https:\/\/www.omerdental.com\/fr\/nous-contacter\/","url":"https:\/\/www.omerdental.com\/fr\/nous-contacter\/","name":"Contactez-Nous : Consultation Gratuite - Centre Dentaire Omer Istanbul","isPartOf":{"@id":"https:\/\/www.omerdental.com\/fr\/#website"},"primaryImageOfPage":{"@id":"https:\/\/www.omerdental.com\/fr\/nous-contacter\/#primaryimage"},"image":{"@id":"https:\/\/www.omerdental.com\/fr\/nous-contacter\/#primaryimage"},"thumbnailUrl":"https:\/\/www.omerdental.com\/wp-content\/uploads\/2023\/10\/omer-istanbul-center.webp","datePublished":"2023-05-15T12:52:46+00:00","dateModified":"2025-12-11T12:51:29+00:00","description":"Coordonn\u00e9es du Centre Dentaire Omer Istanbul. Contactez-nous et prenez rendez-vous. Nous sommes l\u00e0 pour r\u00e9pondre \u00e0 vos pr\u00e9occupations dentaires.","breadcrumb":{"@id":"https:\/\/www.omerdental.com\/fr\/nous-contacter\/#breadcrumb"},"inLanguage":"fr-FR","potentialAction":[{"@type":"ReadAction","target":["https:\/\/www.omerdental.com\/fr\/nous-contacter\/"]}]},{"@type":"ImageObject","inLanguage":"fr-FR","@id":"https:\/\/www.omerdental.com\/fr\/nous-contacter\/#primaryimage","url":"https:\/\/www.omerdental.com\/wp-content\/uploads\/2023\/10\/omer-istanbul-center.webp","contentUrl":"https:\/\/www.omerdental.com\/wp-content\/uploads\/2023\/10\/omer-istanbul-center.webp","width":500,"height":500},{"@type":"BreadcrumbList","@id":"https:\/\/www.omerdental.com\/fr\/nous-contacter\/#breadcrumb","itemListElement":[{"@type":"ListItem","position":1,"name":"Anasayfa","item":"https:\/\/www.omerdental.com\/fr\/omer-istanbul\/"},{"@type":"ListItem","position":2,"name":"CONTACTEZ-NOUS"}]},{"@type":"WebSite","@id":"https:\/\/www.omerdental.com\/fr\/#website","url":"https:\/\/www.omerdental.com\/fr\/","name":"Omer Istanbul Dental Center","description":"","potentialAction":[{"@type":"SearchAction","target":{"@type":"EntryPoint","urlTemplate":"https:\/\/www.omerdental.com\/fr\/?s={search_term_string}"},"query-input":{"@type":"PropertyValueSpecification","valueRequired":true,"valueName":"search_term_string"}}],"inLanguage":"fr-FR"}]}},"_links":{"self":[{"href":"https:\/\/www.omerdental.com\/fr\/wp-json\/wp\/v2\/pages\/7440","targetHints":{"allow":["GET"]}}],"collection":[{"href":"https:\/\/www.omerdental.com\/fr\/wp-json\/wp\/v2\/pages"}],"about":[{"href":"https:\/\/www.omerdental.com\/fr\/wp-json\/wp\/v2\/types\/page"}],"author":[{"embeddable":true,"href":"https:\/\/www.omerdental.com\/fr\/wp-json\/wp\/v2\/users\/1"}],"replies":[{"embeddable":true,"href":"https:\/\/www.omerdental.com\/fr\/wp-json\/wp\/v2\/comments?post=7440"}],"version-history":[{"count":8,"href":"https:\/\/www.omerdental.com\/fr\/wp-json\/wp\/v2\/pages\/7440\/revisions"}],"predecessor-version":[{"id":21784,"href":"https:\/\/www.omerdental.com\/fr\/wp-json\/wp\/v2\/pages\/7440\/revisions\/21784"}],"wp:featuredmedia":[{"embeddable":true,"href":"https:\/\/www.omerdental.com\/fr\/wp-json\/wp\/v2\/media\/7341"}],"wp:attachment":[{"href":"https:\/\/www.omerdental.com\/fr\/wp-json\/wp\/v2\/media?parent=7440"}],"curies":[{"name":"wp","href":"https:\/\/api.w.org\/{rel}","templated":true}]}}