{"id":9681,"date":"2023-05-08T14:33:55","date_gmt":"2023-05-08T11:33:55","guid":{"rendered":"https:\/\/www.omerdental.com\/politica-sulla-privacy\/"},"modified":"2024-02-20T13:37:30","modified_gmt":"2024-02-20T10:37:30","slug":"politica-sulla-privacy","status":"publish","type":"page","link":"https:\/\/www.omerdental.com\/it\/politica-sulla-privacy\/","title":{"rendered":"Politica sulla Privacy"},"content":{"rendered":"<section class=\"l-section wpb_row us_custom_922b31b9 has_text_color height_large\"><div class=\"l-section-overlay\" style=\"background:rgba(19,27,92,0.70)\"><\/div><div class=\"l-section-h i-cf\"><div class=\"g-cols vc_row via_grid cols_1 laptops-cols_inherit tablets-cols_inherit mobiles-cols_1 valign_top type_default stacking_default\"><div class=\"wpb_column vc_column_container\"><div class=\"vc_column-inner\">[vc_custom_heading text=&#8221;Informativa sulla privacy&#8221; font_container=&#8221;tag:h1|text_align:left&#8221; use_theme_fonts=&#8221;yes&#8221; el_class=&#8221;regular-h1 make-left&#8221;]<nav class=\"g-breadcrumbs us_custom_5f1f2269 has_text_color separator_icon align_none\" itemscope itemtype=\"http:\/\/schema.org\/BreadcrumbList\"><div class=\"g-breadcrumbs-item\" itemscope itemprop=\"itemListElement\" itemtype=\"http:\/\/schema.org\/ListItem\"><a itemprop=\"item\" href=\"https:\/\/www.omerdental.com\/it\/\"><span itemprop=\"name\">Home<\/span><\/a><meta itemprop=\"position\" content=\"1\"\/><\/div><div class=\"g-breadcrumbs-separator\"><i class=\"far fa-angle-right\"><\/i><\/div><div class=\"g-breadcrumbs-item\">Pagine<\/div><\/nav><\/div><\/div><\/div><\/div><\/section><section class=\"l-section wpb_row height_medium\"><div class=\"l-section-h i-cf\"><div class=\"g-cols vc_row via_grid cols_1 laptops-cols_inherit tablets-cols_inherit mobiles-cols_1 valign_top type_default stacking_default\"><div class=\"wpb_column vc_column_container\"><div class=\"vc_column-inner\"><div class=\"wpb_text_column\"><div class=\"wpb_wrapper\"><p>Questa Informativa sulla Privacy descrive le politiche di YESILBAG SAGLIK HIZMETLERI LIMITED SIRKETI (Omer Istanbul Dental Center), Ak\u015femsettin mah, Adnan Menderes Blv. D:No 6-8, Kat:1-2-3, 34093 Fatih\/Istanbul, 34093, T\u00fcrkiye, email: <a href=\"mailto:info@omerdental.com\">info@omerdental.com<\/a>, telefono: +905528403434 sulla raccolta, l&#8217;uso e la divulgazione delle tue informazioni che raccogliamo quando utilizzi il nostro sito web ( www.omerdental.com ) (il \u201c<strong>Servizio<\/strong>\u201d). Accedendo o utilizzando il Servizio, acconsenti alla raccolta, all&#8217;uso e alla divulgazione delle tue informazioni in conformit\u00e0 con questa Informativa sulla Privacy. Se non acconsenti allo stesso, ti preghiamo di non accedere o utilizzare il Servizio.<\/p>\n<p>Possiamo modificare questa Informativa sulla Privacy in qualsiasi momento senza alcun preavviso e pubblicheremo la Informativa sulla Privacy modificata sul Servizio. La Informativa modificata sar\u00e0 efficace 180 giorni dopo che la Informativa modificata \u00e8 stata pubblicata sul Servizio e il tuo accesso continuato o l&#8217;uso del Servizio dopo tale periodo costituir\u00e0 la tua accettazione della Informativa sulla Privacy modificata. Ti consigliamo quindi di rivedere periodicamente questa pagina.<\/p>\n<h3>Informazioni che raccogliamo:<\/h3>\n<p>Raccoglieremo e elaboreremo le seguenti informazioni personali su di te attraverso il modulo web:<\/p>\n<ul>\n<li>Nome<\/li>\n<li>Email<\/li>\n<li>Cellulare\/Telefono<\/li>\n<\/ul>\n<h3>Come utilizziamo le tue informazioni:<\/h3>\n<p>Utilizzeremo le informazioni che raccogliamo su di te per i seguenti scopi:<\/p>\n<ul>\n<li>Supporto<\/li>\n<li>Fornire informazioni<\/li>\n<\/ul>\n<p>Se vogliamo utilizzare le tue informazioni per qualsiasi altro scopo, ti chiederemo il consenso e utilizzeremo le tue informazioni solo previo ricevimento del tuo consenso e quindi, solo per il(i) scopo(i) per cui hai concesso il consenso a meno che non siamo tenuti a farlo diversamente dalla legge.<\/p>\n<h3>Come condividiamo le tue informazioni:<\/h3>\n<p>Non trasferiremo le tue informazioni personali a terzi senza richiedere il tuo consenso, tranne in circostanze limitate come descritto di seguito:<\/p>\n<ul>\n<li>Servizio di annunci<\/li>\n<li>Analisi<\/li>\n<\/ul>\n<p>Richiediamo a tali terzi di utilizzare le informazioni personali che trasferiamo loro solo per lo scopo per cui \u00e8 stato trasferito e di non conservarle per pi\u00f9 tempo del necessario per soddisfare detto scopo.<\/p>\n<p>Possiamo anche divulgare le tue informazioni personali per quanto segue: (1) per conformarsi alla legge applicabile, regolamento, ordine del tribunale o altro processo legale; (2) per far rispettare i tuoi accordi con noi, compresa questa Informativa sulla Privacy; o (3) per rispondere a reclami secondo cui il tuo utilizzo del Servizio viola i diritti di terzi. Se il Servizio o la nostra azienda si fonde o viene acquisita da un&#8217;altra azienda, le tue informazioni saranno uno dei beni che vengono trasferiti al nuovo proprietario.<\/p>\n<h3>Conservazione delle tue informazioni:<\/h3>\n<p>Conserviamo le tue informazioni personali con noi per 90 giorni a 2 anni dopo che gli utenti terminano i loro account o per il tempo necessario per soddisfare gli scopi per cui \u00e8 stata raccolta come dettagliato in questa Informativa sulla Privacy. Potremmo dover conservare alcune informazioni per periodi pi\u00f9 lunghi, ad esempio la tenuta di registri \/ rapporti in conformit\u00e0 con la legge applicabile o per altri motivi legittimi come l&#8217;applicazione dei diritti legali, la prevenzione delle frodi, ecc. Le informazioni residue anonime e le informazioni aggregate, che non ti identificano (direttamente o indirettamente), possono essere conservate indefinitamente.<\/p>\n<h3>I tuoi diritti:<\/h3>\n<p>In base alla legge applicabile, potresti avere il diritto di accedere e rettificare o cancellare i tuoi dati personali o ricevere una copia dei tuoi dati personali, limitare o opporsi al trattamento attivo dei tuoi dati, chiederci di condividere (portabilit\u00e0) le tue informazioni personali con un&#8217;altra entit\u00e0, ritirare qualsiasi consenso che ci hai fornito per il trattamento dei tuoi dati, il diritto di presentare reclamo presso un&#8217;autorit\u00e0 statutaria e altri diritti che possono essere rilevanti in base alle leggi applicabili. Per esercitare questi diritti, puoi scriverci a i<a href=\"mailto:nfo@omerdental.com\">nfo@omerdental.com<\/a>. Risponderemo alla tua richiesta in conformit\u00e0 alla legge applicabile.<\/p>\n<p>Tieni presente che se non ci consenti di raccogliere o elaborare le informazioni personali richieste o ritiri il consenso per elaborare le stesse per gli scopi richiesti, potresti non essere in grado di accedere o utilizzare i servizi per i quali \u00e8 stata richiesta la tua informazione.<\/p>\n<h3>Cookies, ecc.<\/h3>\n<p>Per saperne di pi\u00f9 su come utilizziamo questi e sulle tue scelte in relazione a queste tecnologie di tracciamento, consulta la nostra <a style=\"text-decoration: underline;\" href=\"https:\/\/www.omerdental.com\/it\/politica-sui-cookie\/\"><strong>Politica sui cookie<\/strong><\/a>.<\/p>\n<h3>Sicurezza:<\/h3>\n<p>La sicurezza delle tue informazioni \u00e8 importante per noi e utilizzeremo misure di sicurezza ragionevoli per prevenire la perdita, l&#8217;abuso o l&#8217;alterazione non autorizzata delle tue informazioni sotto il nostro controllo. Tuttavia, date le rischi intrinseci, non possiamo garantire una sicurezza assoluta e, di conseguenza, non possiamo assicurare o garantire la sicurezza di qualsiasi informazione tu ci trasmetta e lo fai a tuo rischio.<\/p>\n<h3>Reclamo \/ Responsabile della protezione dei dati:<\/h3>\n<p>Se hai domande o preoccupazioni sul trattamento delle tue informazioni disponibili con noi, puoi inviare un&#8217;email al nostro Responsabile dei reclami presso Omer Istanbul Dental Center, Ak\u015femsettin mah, Adnan Menderes Blv. D:No 6-8, Kat:1-2-3, 34093 Fatih\/Istanbul, T\u00fcrkiye, email: <a href=\"mailto:info@omerdental.com\">info@omerdental.com<\/a>. Affronteremo le tue preoccupazioni in conformit\u00e0 alla legge applicabile.<\/p>\n<\/div><\/div><div class=\"w-separator size_medium\"><\/div><div class=\"wpb_text_column\"><div class=\"wpb_wrapper\"><p>Ultimo aggiornamento il 05-Feb-2024<br \/>\nData di entrata in vigore 05-Feb-2024<\/p>\n<\/div><\/div><\/div><\/div><\/div><\/div><\/section><section class=\"l-section wpb_row height_small\"><div class=\"l-section-h i-cf\"><div class=\"g-cols vc_row via_grid cols_1 laptops-cols_inherit tablets-cols_inherit mobiles-cols_1 valign_top type_default stacking_default\"><div class=\"wpb_column vc_column_container\"><div class=\"vc_column-inner\"><div class=\"w-separator size_huge\"><\/div><\/div><\/div><\/div><\/div><\/section>\n","protected":false},"excerpt":{"rendered":"[vc_custom_heading text=\"Informativa sulla privacy\" font_container=\"tag:h1|text_align:left\" use_theme_fonts=\"yes\" el_class=\"regular-h1 make-left\"]HomePagineQuesta Informativa sulla Privacy descrive le politiche di YESILBAG SAGLIK HIZMETLERI LIMITED SIRKETI (Omer Istanbul Dental Center), Ak\u015femsettin mah, Adnan Menderes Blv. D:No 6-8, Kat:1-2-3, 34093 Fatih\/Istanbul, 34093, T\u00fcrkiye, email: info@omerdental.com, telefono: +905528403434 sulla raccolta, l&#8217;uso e la divulgazione delle tue informazioni che raccogliamo quando utilizzi il nostro...","protected":false},"author":1,"featured_media":0,"parent":0,"menu_order":0,"comment_status":"closed","ping_status":"open","template":"","meta":{"footnotes":""},"class_list":["post-9681","page","type-page","status-publish","hentry"],"yoast_head":"<!-- This site is optimized with the Yoast SEO plugin v27.4 - https:\/\/yoast.com\/product\/yoast-seo-wordpress\/ -->\n<title>Politica sulla Privacy - Omer Istanbul Dental Center<\/title>\n<meta name=\"robots\" content=\"noindex, follow, max-snippet:-1, max-image-preview:large, max-video-preview:-1\" \/>\n<meta property=\"og:locale\" content=\"it_IT\" \/>\n<meta property=\"og:type\" content=\"article\" \/>\n<meta property=\"og:title\" content=\"Politica sulla Privacy - Omer Istanbul Dental Center\" \/>\n<meta property=\"og:url\" content=\"https:\/\/www.omerdental.com\/it\/politica-sulla-privacy\/\" \/>\n<meta property=\"og:site_name\" content=\"Omer Istanbul Dental Center\" \/>\n<meta property=\"article:publisher\" content=\"https:\/\/www.facebook.com\/omeristanbultr\/\" \/>\n<meta property=\"article:modified_time\" content=\"2024-02-20T10:37:30+00:00\" \/>\n<meta name=\"twitter:card\" content=\"summary_large_image\" \/>\n<meta name=\"twitter:site\" content=\"@OmerIstanbultr\" \/>\n<meta name=\"twitter:label1\" content=\"Tempo di lettura stimato\" \/>\n\t<meta name=\"twitter:data1\" content=\"5 minuti\" \/>\n<script type=\"application\/ld+json\" class=\"yoast-schema-graph\">{\"@context\":\"https:\\\/\\\/schema.org\",\"@graph\":[{\"@type\":\"WebPage\",\"@id\":\"https:\\\/\\\/www.omerdental.com\\\/it\\\/politica-sulla-privacy\\\/\",\"url\":\"https:\\\/\\\/www.omerdental.com\\\/it\\\/politica-sulla-privacy\\\/\",\"name\":\"Politica sulla Privacy - Omer Istanbul Dental Center\",\"isPartOf\":{\"@id\":\"https:\\\/\\\/www.omerdental.com\\\/it\\\/#website\"},\"datePublished\":\"2023-05-08T11:33:55+00:00\",\"dateModified\":\"2024-02-20T10:37:30+00:00\",\"breadcrumb\":{\"@id\":\"https:\\\/\\\/www.omerdental.com\\\/it\\\/politica-sulla-privacy\\\/#breadcrumb\"},\"inLanguage\":\"it-IT\",\"potentialAction\":[{\"@type\":\"ReadAction\",\"target\":[\"https:\\\/\\\/www.omerdental.com\\\/it\\\/politica-sulla-privacy\\\/\"]}]},{\"@type\":\"BreadcrumbList\",\"@id\":\"https:\\\/\\\/www.omerdental.com\\\/it\\\/politica-sulla-privacy\\\/#breadcrumb\",\"itemListElement\":[{\"@type\":\"ListItem\",\"position\":1,\"name\":\"Anasayfa\",\"item\":\"https:\\\/\\\/www.omerdental.com\\\/it\\\/omer-istanbul\\\/\"},{\"@type\":\"ListItem\",\"position\":2,\"name\":\"Politica sulla Privacy\"}]},{\"@type\":\"WebSite\",\"@id\":\"https:\\\/\\\/www.omerdental.com\\\/it\\\/#website\",\"url\":\"https:\\\/\\\/www.omerdental.com\\\/it\\\/\",\"name\":\"Omer Istanbul Dental Center\",\"description\":\"\",\"potentialAction\":[{\"@type\":\"SearchAction\",\"target\":{\"@type\":\"EntryPoint\",\"urlTemplate\":\"https:\\\/\\\/www.omerdental.com\\\/it\\\/?s={search_term_string}\"},\"query-input\":{\"@type\":\"PropertyValueSpecification\",\"valueRequired\":true,\"valueName\":\"search_term_string\"}}],\"inLanguage\":\"it-IT\"}]}<\/script>\n<!-- \/ Yoast SEO plugin. -->","yoast_head_json":{"title":"Politica sulla Privacy - Omer Istanbul Dental Center","robots":{"index":"noindex","follow":"follow","max-snippet":"max-snippet:-1","max-image-preview":"max-image-preview:large","max-video-preview":"max-video-preview:-1"},"og_locale":"it_IT","og_type":"article","og_title":"Politica sulla Privacy - Omer Istanbul Dental Center","og_url":"https:\/\/www.omerdental.com\/it\/politica-sulla-privacy\/","og_site_name":"Omer Istanbul Dental Center","article_publisher":"https:\/\/www.facebook.com\/omeristanbultr\/","article_modified_time":"2024-02-20T10:37:30+00:00","twitter_card":"summary_large_image","twitter_site":"@OmerIstanbultr","twitter_misc":{"Tempo di lettura stimato":"5 minuti"},"schema":{"@context":"https:\/\/schema.org","@graph":[{"@type":"WebPage","@id":"https:\/\/www.omerdental.com\/it\/politica-sulla-privacy\/","url":"https:\/\/www.omerdental.com\/it\/politica-sulla-privacy\/","name":"Politica sulla Privacy - Omer Istanbul Dental Center","isPartOf":{"@id":"https:\/\/www.omerdental.com\/it\/#website"},"datePublished":"2023-05-08T11:33:55+00:00","dateModified":"2024-02-20T10:37:30+00:00","breadcrumb":{"@id":"https:\/\/www.omerdental.com\/it\/politica-sulla-privacy\/#breadcrumb"},"inLanguage":"it-IT","potentialAction":[{"@type":"ReadAction","target":["https:\/\/www.omerdental.com\/it\/politica-sulla-privacy\/"]}]},{"@type":"BreadcrumbList","@id":"https:\/\/www.omerdental.com\/it\/politica-sulla-privacy\/#breadcrumb","itemListElement":[{"@type":"ListItem","position":1,"name":"Anasayfa","item":"https:\/\/www.omerdental.com\/it\/omer-istanbul\/"},{"@type":"ListItem","position":2,"name":"Politica sulla Privacy"}]},{"@type":"WebSite","@id":"https:\/\/www.omerdental.com\/it\/#website","url":"https:\/\/www.omerdental.com\/it\/","name":"Omer Istanbul Dental Center","description":"","potentialAction":[{"@type":"SearchAction","target":{"@type":"EntryPoint","urlTemplate":"https:\/\/www.omerdental.com\/it\/?s={search_term_string}"},"query-input":{"@type":"PropertyValueSpecification","valueRequired":true,"valueName":"search_term_string"}}],"inLanguage":"it-IT"}]}},"_links":{"self":[{"href":"https:\/\/www.omerdental.com\/it\/wp-json\/wp\/v2\/pages\/9681","targetHints":{"allow":["GET"]}}],"collection":[{"href":"https:\/\/www.omerdental.com\/it\/wp-json\/wp\/v2\/pages"}],"about":[{"href":"https:\/\/www.omerdental.com\/it\/wp-json\/wp\/v2\/types\/page"}],"author":[{"embeddable":true,"href":"https:\/\/www.omerdental.com\/it\/wp-json\/wp\/v2\/users\/1"}],"replies":[{"embeddable":true,"href":"https:\/\/www.omerdental.com\/it\/wp-json\/wp\/v2\/comments?post=9681"}],"version-history":[{"count":5,"href":"https:\/\/www.omerdental.com\/it\/wp-json\/wp\/v2\/pages\/9681\/revisions"}],"predecessor-version":[{"id":12957,"href":"https:\/\/www.omerdental.com\/it\/wp-json\/wp\/v2\/pages\/9681\/revisions\/12957"}],"wp:attachment":[{"href":"https:\/\/www.omerdental.com\/it\/wp-json\/wp\/v2\/media?parent=9681"}],"curies":[{"name":"wp","href":"https:\/\/api.w.org\/{rel}","templated":true}]}}