{"id":15104,"date":"2023-05-08T14:33:55","date_gmt":"2023-05-08T11:33:55","guid":{"rendered":"https:\/\/www.omerdental.com\/gizlilik-sozlesmesi\/"},"modified":"2025-03-08T13:23:33","modified_gmt":"2025-03-08T10:23:33","slug":"politica-de-confidentialitate","status":"publish","type":"page","link":"https:\/\/www.omerdental.com\/ro\/politica-de-confidentialitate\/","title":{"rendered":"Politica de Confiden\u021bialitate"},"content":{"rendered":"<section class=\"l-section wpb_row us_custom_922b31b9 has_text_color height_large\"><div class=\"l-section-overlay\" style=\"background:rgba(19,27,92,0.70)\"><\/div><div class=\"l-section-h i-cf\"><div class=\"g-cols vc_row via_grid cols_1 laptops-cols_inherit tablets-cols_inherit mobiles-cols_1 valign_top type_default stacking_default\"><div class=\"wpb_column vc_column_container\"><div class=\"vc_column-inner\">[vc_custom_heading text=&#8221;Politica de Confiden\u021bialitate&#8221; font_container=&#8221;tag:h1|text_align:left&#8221; use_theme_fonts=&#8221;yes&#8221; el_class=&#8221;regular-h1 make-left&#8221;]<nav class=\"g-breadcrumbs us_custom_5f1f2269 has_text_color separator_icon align_none\" itemscope itemtype=\"http:\/\/schema.org\/BreadcrumbList\"><div class=\"g-breadcrumbs-item\" itemscope itemprop=\"itemListElement\" itemtype=\"http:\/\/schema.org\/ListItem\"><a itemprop=\"item\" href=\"https:\/\/www.omerdental.com\/ro\/\"><span itemprop=\"name\">Acas\u0103<\/span><\/a><meta itemprop=\"position\" content=\"1\"\/><\/div><div class=\"g-breadcrumbs-separator\"><i class=\"far fa-angle-right\"><\/i><\/div><div class=\"g-breadcrumbs-item\">Pagini<\/div><\/nav><\/div><\/div><\/div><\/div><\/section><section class=\"l-section wpb_row height_medium\"><div class=\"l-section-h i-cf\"><div class=\"g-cols vc_row via_grid cols_1 laptops-cols_inherit tablets-cols_inherit mobiles-cols_1 valign_top type_default stacking_default\"><div class=\"wpb_column vc_column_container\"><div class=\"vc_column-inner\"><div class=\"wpb_text_column\"><div class=\"wpb_wrapper\"><p>Aceast\u0103 Politic\u0103 de Confiden\u021bialitate descrie politicile YESILBAG SAGLIK HIZMETLERI LIMITED SIRKETI (Omer Istanbul Dental Center), Ak\u015femsettin mah, Adnan Menderes Blv. D:No 6-8, Kat:1-2-3, 34093 Fatih\/Istanbul, T\u00fcrkiye 34093, email: <a href=\"mailto:info@omerdental.com\">info@omerdental.com<\/a>, telefon: +905528403434 privind colectarea, utilizarea \u0219i divulgarea informa\u021biilor pe care le colect\u0103m atunci c\u00e2nd utiliza\u021bi site-ul nostru web (www.omerdental.com). (\u201e<strong>Serviciul<\/strong>\u201d).<\/p>\n<p>Prin accesarea sau utilizarea Serviciului, sunte\u021bi de acord cu colectarea, utilizarea \u0219i divulgarea informa\u021biilor dvs. \u00een conformitate cu aceast\u0103 Politic\u0103 de Confiden\u021bialitate. Dac\u0103 nu sunte\u021bi de acord, v\u0103 rug\u0103m s\u0103 nu accesa\u021bi sau s\u0103 utiliza\u021bi Serviciul.<\/p>\n<p>Ne rezerv\u0103m dreptul de a modifica aceast\u0103 Politic\u0103 de Confiden\u021bialitate \u00een orice moment, f\u0103r\u0103 notificare prealabil\u0103. Orice modificare va fi publicat\u0103 pe Serviciu, iar politica revizuit\u0103 va intra \u00een vigoare la 180 de zile de la publicare. Continuarea utiliz\u0103rii Serviciului dup\u0103 aceast\u0103 perioad\u0103 va constitui acceptul dvs. pentru noile modific\u0103ri. Prin urmare, v\u0103 recomand\u0103m s\u0103 revizui\u021bi periodic aceast\u0103 pagin\u0103.<\/p>\n<h3>Informa\u021bii pe care le colect\u0103m:<\/h3>\n<p>Vom colecta \u0219i procesa urm\u0103toarele informa\u021bii personale prin formularul web:<\/p>\n<ul>\n<li>Nume<\/li>\n<li>Email<\/li>\n<li>Telefon mobil\/fix<\/li>\n<\/ul>\n<h3>Cum folosim informa\u021biile dvs.:<\/h3>\n<p>Vom utiliza informa\u021biile colectate \u00een urm\u0103toarele scopuri:<\/p>\n<ul>\n<li>Suport<\/li>\n<li>Furnizarea de informa\u021bii<\/li>\n<\/ul>\n<p>Dac\u0103 dorim s\u0103 folosim informa\u021biile dvs. \u00een alte scopuri, vom solicita consim\u021b\u0103m\u00e2ntul dvs. \u0219i le vom utiliza doar pentru scopurile aprobate, cu excep\u021bia cazurilor impuse de lege.<\/p>\n<h3>Cum \u00eemp\u0103rt\u0103\u0219im informa\u021biile dvs.:<\/h3>\n<p>Nu vom transfera informa\u021biile dvs. personale c\u0103tre ter\u021bi f\u0103r\u0103 consim\u021b\u0103m\u00e2ntul dvs., cu excep\u021bia cazurilor limitate, cum ar fi:<\/p>\n<ul>\n<li>Servicii publicitare<\/li>\n<li>Analiz\u0103 \u0219i statistic\u0103<\/li>\n<\/ul>\n<p>Solicit\u0103m acestor ter\u021bi s\u0103 utilizeze informa\u021biile personale doar \u00een scopul pentru care au fost transferate \u0219i s\u0103 nu le p\u0103streze mai mult dec\u00e2t este necesar.<\/p>\n<p>De asemenea, putem divulga informa\u021biile dvs. personale \u00een urm\u0103toarele situa\u021bii: (1) pentru a respecta cerin\u021bele legale; (2) pentru a aplica acordurile \u00eencheiate cu noi, inclusiv aceast\u0103 Politic\u0103 de Confiden\u021bialitate; (3) pentru a r\u0103spunde la reclama\u021bii privind utilizarea Serviciului. Dac\u0103 Serviciul sau compania noastr\u0103 este achizi\u021bionat\u0103 sau fuzionat\u0103 cu o alt\u0103 companie, informa\u021biile dvs. vor fi transferate noii entit\u0103\u021bi.<\/p>\n<h3>P\u0103strarea informa\u021biilor dvs.:<\/h3>\n<p>Vom p\u0103stra informa\u021biile dvs. personale \u00eentre 90 de zile \u0219i 2 ani dup\u0103 \u00eenchiderea contului dvs. sau at\u00e2t timp c\u00e2t este necesar pentru scopurile descrise \u00een aceast\u0103 Politic\u0103 de Confiden\u021bialitate.<\/p>\n<p>Anumite informa\u021bii pot fi p\u0103strate pentru perioade mai lungi \u00een conformitate cu cerin\u021bele legale sau pentru prevenirea fraudei, aplicarea drepturilor legale etc. Informa\u021biile anonime sau agregate, care nu v\u0103 identific\u0103, pot fi p\u0103strate pe termen nelimitat.<\/p>\n<h3>Drepturile dvs.:<\/h3>\n<p>\u00cen func\u021bie de legisla\u021bia aplicabil\u0103, pute\u021bi avea dreptul de a accesa, rectifica sau \u0219terge datele dvs. personale, de a primi o copie a acestora, de a restric\u021biona sau de a obiecta la procesarea activ\u0103 a datelor dvs., de a ne solicita transferul acestora c\u0103tre o alt\u0103 entitate sau de a retrage consim\u021b\u0103m\u00e2ntul pentru prelucrare.<\/p>\n<p>Pentru exercitarea acestor drepturi, ne pute\u021bi scrie la <a href=\"mailto:info@omerdental.com\">info@omerdental.com<\/a>. Vom r\u0103spunde solicit\u0103rii dvs. \u00een conformitate cu legisla\u021bia \u00een vigoare.<\/p>\n<p>V\u0103 rug\u0103m s\u0103 re\u021bine\u021bi c\u0103, dac\u0103 nu ne permite\u021bi colectarea sau procesarea informa\u021biilor necesare sau dac\u0103 v\u0103 retrage\u021bi consim\u021b\u0103m\u00e2ntul, este posibil s\u0103 nu pute\u021bi accesa anumite servicii.<\/p>\n<h3>Cookies \u0219i alte tehnologii:<\/h3>\n<p>Pentru mai multe informa\u021bii despre utilizarea cookie-urilor \u0219i op\u021biunile dvs. referitoare la acestea, v\u0103 rug\u0103m s\u0103 consulta\u021bi <a style=\"text-decoration: underline;\" href=\"https:\/\/www.omerdental.com\/ro\/politica-privind-cookie-urile\/\"><strong>Politica noastr\u0103 privind cookie-urile<\/strong><\/a>.<\/p>\n<h3>Siguran\u021ba datelor:<\/h3>\n<p>Securitatea informa\u021biilor dvs. este important\u0103 pentru noi. Vom utiliza m\u0103suri rezonabile de securitate pentru a preveni pierderea, utilizarea abuziv\u0103 sau accesul neautorizat la datele dvs. Cu toate acestea, din cauza riscurilor inerente, nu putem garanta securitatea absolut\u0103 a datelor transmise c\u0103tre noi, iar utilizarea Serviciului se face pe propriul risc.<\/p>\n<h3>Responsabil pentru protec\u021bia datelor:<\/h3>\n<p>Dac\u0103 ave\u021bi \u00eentreb\u0103ri sau nel\u0103muriri privind procesarea datelor dvs., ne pute\u021bi contacta la Omer Istanbul Dental Center, Ak\u015femsettin mah, Adnan Menderes Blv. D:No 6-8, Kat:1-2-3, 34093 Fatih\/Istanbul, T\u00fcrkiye, email: <a href=\"mailto:info@omerdental.com\">info@omerdental.com<\/a>. Vom r\u0103spunde preocup\u0103rilor dvs. \u00een conformitate cu legisla\u021bia aplicabil\u0103.<\/p>\n<\/div><\/div><div class=\"w-separator size_medium\"><\/div><div class=\"wpb_text_column\"><div class=\"wpb_wrapper\"><p>Ultima actualizare: 05-Feb-2024<br \/>\nData intr\u0103rii \u00een vigoare: 05-Feb-2024<\/p>\n<\/div><\/div><\/div><\/div><\/div><\/div><\/section><section class=\"l-section wpb_row height_small\"><div class=\"l-section-h i-cf\"><div class=\"g-cols vc_row via_grid cols_1 laptops-cols_inherit tablets-cols_inherit mobiles-cols_1 valign_top type_default stacking_default\"><div class=\"wpb_column vc_column_container\"><div class=\"vc_column-inner\"><div class=\"w-separator size_huge\"><\/div><\/div><\/div><\/div><\/div><\/section>\n","protected":false},"excerpt":{"rendered":"[vc_custom_heading text=\"Politica de Confiden\u021bialitate\" font_container=\"tag:h1|text_align:left\" use_theme_fonts=\"yes\" el_class=\"regular-h1 make-left\"]Acas\u0103PaginiAceast\u0103 Politic\u0103 de Confiden\u021bialitate descrie politicile YESILBAG SAGLIK HIZMETLERI LIMITED SIRKETI (Omer Istanbul Dental Center), Ak\u015femsettin mah, Adnan Menderes Blv. D:No 6-8, Kat:1-2-3, 34093 Fatih\/Istanbul, T\u00fcrkiye 34093, email: info@omerdental.com, telefon: +905528403434 privind colectarea, utilizarea \u0219i divulgarea informa\u021biilor pe care le colect\u0103m atunci c\u00e2nd utiliza\u021bi site-ul nostru web (www.omerdental.com)....","protected":false},"author":1,"featured_media":0,"parent":0,"menu_order":0,"comment_status":"closed","ping_status":"open","template":"","meta":{"footnotes":""},"class_list":["post-15104","page","type-page","status-publish","hentry"],"yoast_head":"<!-- This site is optimized with the Yoast SEO plugin v27.4 - https:\/\/yoast.com\/product\/yoast-seo-wordpress\/ -->\n<title>Politica de Confiden\u021bialitate - Omer Istanbul Dental Center<\/title>\n<meta name=\"robots\" content=\"noindex, follow, max-snippet:-1, max-image-preview:large, max-video-preview:-1\" \/>\n<meta property=\"og:locale\" content=\"ro_RO\" \/>\n<meta property=\"og:type\" content=\"article\" \/>\n<meta property=\"og:title\" content=\"Politica de Confiden\u021bialitate - Omer Istanbul Dental Center\" \/>\n<meta property=\"og:url\" content=\"https:\/\/www.omerdental.com\/ro\/politica-de-confidentialitate\/\" \/>\n<meta property=\"og:site_name\" content=\"Omer Istanbul Dental Center\" \/>\n<meta property=\"article:publisher\" content=\"https:\/\/www.facebook.com\/omeristanbultr\/\" \/>\n<meta property=\"article:modified_time\" content=\"2025-03-08T10:23:33+00:00\" \/>\n<meta name=\"twitter:card\" content=\"summary_large_image\" \/>\n<meta name=\"twitter:site\" content=\"@OmerIstanbultr\" \/>\n<meta name=\"twitter:label1\" content=\"Timp estimat pentru citire\" \/>\n\t<meta name=\"twitter:data1\" content=\"2 minute\" \/>\n<script type=\"application\/ld+json\" class=\"yoast-schema-graph\">{\"@context\":\"https:\\\/\\\/schema.org\",\"@graph\":[{\"@type\":\"WebPage\",\"@id\":\"https:\\\/\\\/www.omerdental.com\\\/ro\\\/politica-de-confidentialitate\\\/\",\"url\":\"https:\\\/\\\/www.omerdental.com\\\/ro\\\/politica-de-confidentialitate\\\/\",\"name\":\"Politica de Confiden\u021bialitate - Omer Istanbul Dental Center\",\"isPartOf\":{\"@id\":\"https:\\\/\\\/www.omerdental.com\\\/ro\\\/#website\"},\"datePublished\":\"2023-05-08T11:33:55+00:00\",\"dateModified\":\"2025-03-08T10:23:33+00:00\",\"breadcrumb\":{\"@id\":\"https:\\\/\\\/www.omerdental.com\\\/ro\\\/politica-de-confidentialitate\\\/#breadcrumb\"},\"inLanguage\":\"ro-RO\",\"potentialAction\":[{\"@type\":\"ReadAction\",\"target\":[\"https:\\\/\\\/www.omerdental.com\\\/ro\\\/politica-de-confidentialitate\\\/\"]}]},{\"@type\":\"BreadcrumbList\",\"@id\":\"https:\\\/\\\/www.omerdental.com\\\/ro\\\/politica-de-confidentialitate\\\/#breadcrumb\",\"itemListElement\":[{\"@type\":\"ListItem\",\"position\":1,\"name\":\"Anasayfa\",\"item\":\"https:\\\/\\\/www.omerdental.com\\\/ro\\\/omer-istanbul\\\/\"},{\"@type\":\"ListItem\",\"position\":2,\"name\":\"Politica de Confiden\u021bialitate\"}]},{\"@type\":\"WebSite\",\"@id\":\"https:\\\/\\\/www.omerdental.com\\\/ro\\\/#website\",\"url\":\"https:\\\/\\\/www.omerdental.com\\\/ro\\\/\",\"name\":\"Omer Istanbul Dental Center\",\"description\":\"\",\"potentialAction\":[{\"@type\":\"SearchAction\",\"target\":{\"@type\":\"EntryPoint\",\"urlTemplate\":\"https:\\\/\\\/www.omerdental.com\\\/ro\\\/?s={search_term_string}\"},\"query-input\":{\"@type\":\"PropertyValueSpecification\",\"valueRequired\":true,\"valueName\":\"search_term_string\"}}],\"inLanguage\":\"ro-RO\"}]}<\/script>\n<!-- \/ Yoast SEO plugin. -->","yoast_head_json":{"title":"Politica de Confiden\u021bialitate - Omer Istanbul Dental Center","robots":{"index":"noindex","follow":"follow","max-snippet":"max-snippet:-1","max-image-preview":"max-image-preview:large","max-video-preview":"max-video-preview:-1"},"og_locale":"ro_RO","og_type":"article","og_title":"Politica de Confiden\u021bialitate - Omer Istanbul Dental Center","og_url":"https:\/\/www.omerdental.com\/ro\/politica-de-confidentialitate\/","og_site_name":"Omer Istanbul Dental Center","article_publisher":"https:\/\/www.facebook.com\/omeristanbultr\/","article_modified_time":"2025-03-08T10:23:33+00:00","twitter_card":"summary_large_image","twitter_site":"@OmerIstanbultr","twitter_misc":{"Timp estimat pentru citire":"2 minute"},"schema":{"@context":"https:\/\/schema.org","@graph":[{"@type":"WebPage","@id":"https:\/\/www.omerdental.com\/ro\/politica-de-confidentialitate\/","url":"https:\/\/www.omerdental.com\/ro\/politica-de-confidentialitate\/","name":"Politica de Confiden\u021bialitate - Omer Istanbul Dental Center","isPartOf":{"@id":"https:\/\/www.omerdental.com\/ro\/#website"},"datePublished":"2023-05-08T11:33:55+00:00","dateModified":"2025-03-08T10:23:33+00:00","breadcrumb":{"@id":"https:\/\/www.omerdental.com\/ro\/politica-de-confidentialitate\/#breadcrumb"},"inLanguage":"ro-RO","potentialAction":[{"@type":"ReadAction","target":["https:\/\/www.omerdental.com\/ro\/politica-de-confidentialitate\/"]}]},{"@type":"BreadcrumbList","@id":"https:\/\/www.omerdental.com\/ro\/politica-de-confidentialitate\/#breadcrumb","itemListElement":[{"@type":"ListItem","position":1,"name":"Anasayfa","item":"https:\/\/www.omerdental.com\/ro\/omer-istanbul\/"},{"@type":"ListItem","position":2,"name":"Politica de Confiden\u021bialitate"}]},{"@type":"WebSite","@id":"https:\/\/www.omerdental.com\/ro\/#website","url":"https:\/\/www.omerdental.com\/ro\/","name":"Omer Istanbul Dental Center","description":"","potentialAction":[{"@type":"SearchAction","target":{"@type":"EntryPoint","urlTemplate":"https:\/\/www.omerdental.com\/ro\/?s={search_term_string}"},"query-input":{"@type":"PropertyValueSpecification","valueRequired":true,"valueName":"search_term_string"}}],"inLanguage":"ro-RO"}]}},"_links":{"self":[{"href":"https:\/\/www.omerdental.com\/ro\/wp-json\/wp\/v2\/pages\/15104","targetHints":{"allow":["GET"]}}],"collection":[{"href":"https:\/\/www.omerdental.com\/ro\/wp-json\/wp\/v2\/pages"}],"about":[{"href":"https:\/\/www.omerdental.com\/ro\/wp-json\/wp\/v2\/types\/page"}],"author":[{"embeddable":true,"href":"https:\/\/www.omerdental.com\/ro\/wp-json\/wp\/v2\/users\/1"}],"replies":[{"embeddable":true,"href":"https:\/\/www.omerdental.com\/ro\/wp-json\/wp\/v2\/comments?post=15104"}],"version-history":[{"count":4,"href":"https:\/\/www.omerdental.com\/ro\/wp-json\/wp\/v2\/pages\/15104\/revisions"}],"predecessor-version":[{"id":15114,"href":"https:\/\/www.omerdental.com\/ro\/wp-json\/wp\/v2\/pages\/15104\/revisions\/15114"}],"wp:attachment":[{"href":"https:\/\/www.omerdental.com\/ro\/wp-json\/wp\/v2\/media?parent=15104"}],"curies":[{"name":"wp","href":"https:\/\/api.w.org\/{rel}","templated":true}]}}