{"id":15108,"date":"2024-02-05T17:08:11","date_gmt":"2024-02-05T14:08:11","guid":{"rendered":"https:\/\/www.omerdental.com\/politica-privind-cookie-urile\/"},"modified":"2025-03-08T13:02:18","modified_gmt":"2025-03-08T10:02:18","slug":"politica-privind-cookie-urile","status":"publish","type":"page","link":"https:\/\/www.omerdental.com\/ro\/politica-privind-cookie-urile\/","title":{"rendered":"Politica privind cookie-urile"},"content":{"rendered":"<section class=\"l-section wpb_row us_custom_922b31b9 has_text_color height_large\"><div class=\"l-section-overlay\" style=\"background:rgba(19,27,92,0.70)\"><\/div><div class=\"l-section-h i-cf\"><div class=\"g-cols vc_row via_grid cols_1 laptops-cols_inherit tablets-cols_inherit mobiles-cols_1 valign_top type_default stacking_default\"><div class=\"wpb_column vc_column_container\"><div class=\"vc_column-inner\">[vc_custom_heading text=&#8221;Politica privind cookie-urile  &#8221; font_container=&#8221;tag:h1|text_align:left&#8221; use_theme_fonts=&#8221;yes&#8221; el_class=&#8221;regular-h1 make-left&#8221;]<nav class=\"g-breadcrumbs us_custom_5f1f2269 has_text_color separator_icon align_none\" itemscope itemtype=\"http:\/\/schema.org\/BreadcrumbList\"><div class=\"g-breadcrumbs-item\" itemscope itemprop=\"itemListElement\" itemtype=\"http:\/\/schema.org\/ListItem\"><a itemprop=\"item\" href=\"https:\/\/www.omerdental.com\/ro\/\"><span itemprop=\"name\">Acas\u0103  <\/span><\/a><meta itemprop=\"position\" content=\"1\"\/><\/div><div class=\"g-breadcrumbs-separator\"><i class=\"far fa-angle-right\"><\/i><\/div><div class=\"g-breadcrumbs-item\">Pagini<\/div><\/nav><\/div><\/div><\/div><\/div><\/section><section class=\"l-section wpb_row height_medium\"><div class=\"l-section-h i-cf\"><div class=\"g-cols vc_row via_grid cols_1 laptops-cols_inherit tablets-cols_inherit mobiles-cols_1 valign_top type_default stacking_default\"><div class=\"wpb_column vc_column_container\"><div class=\"vc_column-inner\"><div class=\"wpb_text_column\"><div class=\"wpb_wrapper\"><h5>Ce sunt cookie-urile?<\/h5>\n<div class=\"cookie-policy-p\">\n<p>Aceast\u0103 Politic\u0103 privind Cookie-urile explic\u0103 ce sunt cookie-urile \u0219i cum le folosim, tipurile de cookie-uri pe care le utiliz\u0103m, informa\u021biile pe care le colect\u0103m folosind cookie-uri \u0219i modul \u00een care aceste informa\u021bii sunt utilizate, precum \u0219i cum s\u0103 gestionezi set\u0103rile cookie-urilor.<\/p>\n<p>Cookie-urile sunt fi\u0219iere text mici utilizate pentru a stoca informa\u021bii de dimensiuni reduse. Acestea sunt stocate pe dispozitivul t\u0103u atunci c\u00e2nd site-ul web este \u00eenc\u0103rcat \u00een browser. Cookie-urile ne ajut\u0103 s\u0103 asigur\u0103m func\u021bionarea corect\u0103 a site-ului, s\u0103 \u00eel securiz\u0103m, s\u0103 oferim o experien\u021b\u0103 de utilizare mai bun\u0103 \u0219i s\u0103 \u00een\u021belegem performan\u021ba acestuia, analiz\u00e2nd ce func\u021bioneaz\u0103 bine \u0219i unde sunt necesare \u00eembun\u0103t\u0103\u021biri.<\/p>\n<\/div>\n<h5>Cum folosim cookie-urile?<\/h5>\n<div class=\"cookie-policy-p\">\n<p>La fel ca majoritatea serviciilor online, site-ul nostru utilizeaz\u0103 cookie-uri de prim\u0103 parte \u0219i cookie-uri de ter\u021b\u0103 parte pentru mai multe scopuri. Cookie-urile de prim\u0103 parte sunt esen\u021biale pentru func\u021bionarea corect\u0103 a site-ului \u0219i nu colecteaz\u0103 date personale identificabile despre tine.<\/p>\n<p>Cookie-urile de ter\u021b\u0103 parte utilizate pe site-ul nostru sunt folosite \u00een principal pentru a \u00een\u021belege cum func\u021bioneaz\u0103 site-ul, cum interac\u021bionezi cu acesta, pentru a men\u021bine securitatea serviciilor noastre, pentru a furniza reclame relevante pentru tine \u0219i, \u00een general, pentru a-\u021bi oferi o experien\u021b\u0103 de utilizare mai bun\u0103 \u0219i pentru a accelera interac\u021biunile viitoare cu site-ul nostru.<\/p>\n<\/div>\n<h5>Tipuri de cookie-uri pe care le utiliz\u0103m<\/h5>\n<div class=\"cky-audit-table-element\"><\/div>\n<h5 style=\"margin-bottom: 20px;\">Gestionarea preferin\u021belor privind cookie-urile<\/h5>\n<p><a class=\"cky-banner-element\">Set\u0103ri cookie-uri<\/a><\/p>\n<div>\n<p>Po\u021bi modifica preferin\u021bele privind cookie-urile \u00een orice moment f\u0103c\u00e2nd clic pe butonul de mai sus. Acest lucru \u00ee\u021bi va permite s\u0103 revizitezi bannerul de consim\u021b\u0103m\u00e2nt pentru cookie-uri \u0219i s\u0103 \u00ee\u021bi schimbi preferin\u021bele sau s\u0103 \u00ee\u021bi retragi consim\u021b\u0103m\u00e2ntul imediat.<\/p>\n<p>\u00cen plus, diferite browsere ofer\u0103 metode diferite pentru a bloca \u0219i \u0219terge cookie-urile utilizate de site-uri web. Po\u021bi modifica set\u0103rile browserului pentru a bloca\/\u0219terge cookie-urile. Mai jos sunt listate linkuri c\u0103tre documentele de suport pentru gestionarea \u0219i \u0219tergerea cookie-urilor din cele mai utilizate browsere web.<\/p>\n<p><strong>Chrome:<\/strong> <a href=\"https:\/\/support.google.com\/accounts\/answer\/32050\" target=\"_blank\" rel=\"noopener\">https:\/\/support.google.com\/accounts\/answer\/32050<\/a><\/p>\n<p><strong>Safari:<\/strong> <a href=\"https:\/\/support.apple.com\/en-in\/guide\/safari\/sfri11471\/mac\" target=\"_blank\" rel=\"noopener\">https:\/\/support.apple.com\/en-in\/guide\/safari\/sfri11471\/mac<\/a><\/p>\n<p><strong>Firefox:<\/strong> <a href=\"https:\/\/support.mozilla.org\/en-US\/kb\/clear-cookies-and-site-data-firefox?redirectslug=delete-cookies-remove-info-websites-stored&amp;redirectlocale=en-US\" target=\"_blank\" rel=\"noopener\">https:\/\/support.mozilla.org\/en-US\/kb\/clear-cookies-and-site-data-firefox?redirectslug=delete-cookies-remove-info-websites-stored&amp;redirectlocale=en-US<\/a><\/p>\n<p><strong>Internet Explorer:<\/strong> <a href=\"https:\/\/support.microsoft.com\/en-us\/topic\/how-to-delete-cookie-files-in-internet-explorer-bca9446f-d873-78de-77ba-d42645fa52fc\" target=\"_blank\" rel=\"noopener\">https:\/\/support.microsoft.com\/en-us\/topic\/how-to-delete-cookie-files-in-internet-explorer-bca9446f-d873-78de-77ba-d42645fa52fc<\/a><\/p>\n<p>Dac\u0103 utilizezi un alt browser web, te rug\u0103m s\u0103 consul\u021bi documenta\u021bia oficial\u0103 de suport a acestuia.<\/p>\n<\/div>\n<\/div><\/div><div class=\"w-separator size_medium\"><\/div><div class=\"wpb_text_column\"><div class=\"wpb_wrapper\"><p>Data intr\u0103rii \u00een vigoare: 05-Feb-2024<br \/>\nUltima actualizare: 05-Feb-2024<\/p>\n<\/div><\/div><\/div><\/div><\/div><\/div><\/section><section class=\"l-section wpb_row height_small\"><div class=\"l-section-h i-cf\"><div class=\"g-cols vc_row via_grid cols_1 laptops-cols_inherit tablets-cols_inherit mobiles-cols_1 valign_top type_default stacking_default\"><div class=\"wpb_column vc_column_container\"><div class=\"vc_column-inner\"><div class=\"w-separator size_huge\"><\/div><\/div><\/div><\/div><\/div><\/section>\n","protected":false},"excerpt":{"rendered":"[vc_custom_heading text=\"Politica privind cookie-urile \" font_container=\"tag:h1|text_align:left\" use_theme_fonts=\"yes\" el_class=\"regular-h1 make-left\"]Acas\u0103 PaginiCe sunt cookie-urile? Aceast\u0103 Politic\u0103 privind Cookie-urile explic\u0103 ce sunt cookie-urile \u0219i cum le folosim, tipurile de cookie-uri pe care le utiliz\u0103m, informa\u021biile pe care le colect\u0103m folosind cookie-uri \u0219i modul \u00een care aceste informa\u021bii sunt utilizate, precum \u0219i cum s\u0103 gestionezi set\u0103rile cookie-urilor. Cookie-urile sunt...","protected":false},"author":2,"featured_media":0,"parent":0,"menu_order":0,"comment_status":"closed","ping_status":"closed","template":"","meta":{"footnotes":""},"class_list":["post-15108","page","type-page","status-publish","hentry"],"yoast_head":"<!-- This site is optimized with the Yoast SEO plugin v27.4 - https:\/\/yoast.com\/product\/yoast-seo-wordpress\/ -->\n<title>Politica privind cookie-urile - Omer Istanbul Dental Center<\/title>\n<meta name=\"robots\" content=\"noindex, follow\" \/>\n<meta property=\"og:locale\" content=\"ro_RO\" \/>\n<meta property=\"og:type\" content=\"article\" \/>\n<meta property=\"og:title\" content=\"Politica privind cookie-urile - Omer Istanbul Dental Center\" \/>\n<meta property=\"og:url\" content=\"https:\/\/www.omerdental.com\/ro\/politica-privind-cookie-urile\/\" \/>\n<meta property=\"og:site_name\" content=\"Omer Istanbul Dental Center\" \/>\n<meta property=\"article:publisher\" content=\"https:\/\/www.facebook.com\/omeristanbultr\/\" \/>\n<meta property=\"article:modified_time\" content=\"2025-03-08T10:02:18+00:00\" \/>\n<meta name=\"twitter:card\" content=\"summary_large_image\" \/>\n<meta name=\"twitter:site\" content=\"@OmerIstanbultr\" \/>\n<meta name=\"twitter:label1\" content=\"Timp estimat pentru citire\" \/>\n\t<meta name=\"twitter:data1\" content=\"3 minute\" \/>\n<script type=\"application\/ld+json\" class=\"yoast-schema-graph\">{\"@context\":\"https:\\\/\\\/schema.org\",\"@graph\":[{\"@type\":\"WebPage\",\"@id\":\"https:\\\/\\\/www.omerdental.com\\\/ro\\\/politica-privind-cookie-urile\\\/\",\"url\":\"https:\\\/\\\/www.omerdental.com\\\/ro\\\/politica-privind-cookie-urile\\\/\",\"name\":\"Politica privind cookie-urile - Omer Istanbul Dental Center\",\"isPartOf\":{\"@id\":\"https:\\\/\\\/www.omerdental.com\\\/ro\\\/#website\"},\"datePublished\":\"2024-02-05T14:08:11+00:00\",\"dateModified\":\"2025-03-08T10:02:18+00:00\",\"breadcrumb\":{\"@id\":\"https:\\\/\\\/www.omerdental.com\\\/ro\\\/politica-privind-cookie-urile\\\/#breadcrumb\"},\"inLanguage\":\"ro-RO\",\"potentialAction\":[{\"@type\":\"ReadAction\",\"target\":[\"https:\\\/\\\/www.omerdental.com\\\/ro\\\/politica-privind-cookie-urile\\\/\"]}]},{\"@type\":\"BreadcrumbList\",\"@id\":\"https:\\\/\\\/www.omerdental.com\\\/ro\\\/politica-privind-cookie-urile\\\/#breadcrumb\",\"itemListElement\":[{\"@type\":\"ListItem\",\"position\":1,\"name\":\"Anasayfa\",\"item\":\"https:\\\/\\\/www.omerdental.com\\\/ro\\\/omer-istanbul\\\/\"},{\"@type\":\"ListItem\",\"position\":2,\"name\":\"Politica privind cookie-urile\"}]},{\"@type\":\"WebSite\",\"@id\":\"https:\\\/\\\/www.omerdental.com\\\/ro\\\/#website\",\"url\":\"https:\\\/\\\/www.omerdental.com\\\/ro\\\/\",\"name\":\"Omer Istanbul Dental Center\",\"description\":\"\",\"potentialAction\":[{\"@type\":\"SearchAction\",\"target\":{\"@type\":\"EntryPoint\",\"urlTemplate\":\"https:\\\/\\\/www.omerdental.com\\\/ro\\\/?s={search_term_string}\"},\"query-input\":{\"@type\":\"PropertyValueSpecification\",\"valueRequired\":true,\"valueName\":\"search_term_string\"}}],\"inLanguage\":\"ro-RO\"}]}<\/script>\n<!-- \/ Yoast SEO plugin. -->","yoast_head_json":{"title":"Politica privind cookie-urile - Omer Istanbul Dental Center","robots":{"index":"noindex","follow":"follow"},"og_locale":"ro_RO","og_type":"article","og_title":"Politica privind cookie-urile - Omer Istanbul Dental Center","og_url":"https:\/\/www.omerdental.com\/ro\/politica-privind-cookie-urile\/","og_site_name":"Omer Istanbul Dental Center","article_publisher":"https:\/\/www.facebook.com\/omeristanbultr\/","article_modified_time":"2025-03-08T10:02:18+00:00","twitter_card":"summary_large_image","twitter_site":"@OmerIstanbultr","twitter_misc":{"Timp estimat pentru citire":"3 minute"},"schema":{"@context":"https:\/\/schema.org","@graph":[{"@type":"WebPage","@id":"https:\/\/www.omerdental.com\/ro\/politica-privind-cookie-urile\/","url":"https:\/\/www.omerdental.com\/ro\/politica-privind-cookie-urile\/","name":"Politica privind cookie-urile - Omer Istanbul Dental Center","isPartOf":{"@id":"https:\/\/www.omerdental.com\/ro\/#website"},"datePublished":"2024-02-05T14:08:11+00:00","dateModified":"2025-03-08T10:02:18+00:00","breadcrumb":{"@id":"https:\/\/www.omerdental.com\/ro\/politica-privind-cookie-urile\/#breadcrumb"},"inLanguage":"ro-RO","potentialAction":[{"@type":"ReadAction","target":["https:\/\/www.omerdental.com\/ro\/politica-privind-cookie-urile\/"]}]},{"@type":"BreadcrumbList","@id":"https:\/\/www.omerdental.com\/ro\/politica-privind-cookie-urile\/#breadcrumb","itemListElement":[{"@type":"ListItem","position":1,"name":"Anasayfa","item":"https:\/\/www.omerdental.com\/ro\/omer-istanbul\/"},{"@type":"ListItem","position":2,"name":"Politica privind cookie-urile"}]},{"@type":"WebSite","@id":"https:\/\/www.omerdental.com\/ro\/#website","url":"https:\/\/www.omerdental.com\/ro\/","name":"Omer Istanbul Dental Center","description":"","potentialAction":[{"@type":"SearchAction","target":{"@type":"EntryPoint","urlTemplate":"https:\/\/www.omerdental.com\/ro\/?s={search_term_string}"},"query-input":{"@type":"PropertyValueSpecification","valueRequired":true,"valueName":"search_term_string"}}],"inLanguage":"ro-RO"}]}},"_links":{"self":[{"href":"https:\/\/www.omerdental.com\/ro\/wp-json\/wp\/v2\/pages\/15108","targetHints":{"allow":["GET"]}}],"collection":[{"href":"https:\/\/www.omerdental.com\/ro\/wp-json\/wp\/v2\/pages"}],"about":[{"href":"https:\/\/www.omerdental.com\/ro\/wp-json\/wp\/v2\/types\/page"}],"author":[{"embeddable":true,"href":"https:\/\/www.omerdental.com\/ro\/wp-json\/wp\/v2\/users\/2"}],"replies":[{"embeddable":true,"href":"https:\/\/www.omerdental.com\/ro\/wp-json\/wp\/v2\/comments?post=15108"}],"version-history":[{"count":2,"href":"https:\/\/www.omerdental.com\/ro\/wp-json\/wp\/v2\/pages\/15108\/revisions"}],"predecessor-version":[{"id":15110,"href":"https:\/\/www.omerdental.com\/ro\/wp-json\/wp\/v2\/pages\/15108\/revisions\/15110"}],"wp:attachment":[{"href":"https:\/\/www.omerdental.com\/ro\/wp-json\/wp\/v2\/media?parent=15108"}],"curies":[{"name":"wp","href":"https:\/\/api.w.org\/{rel}","templated":true}]}}